{"id":11,"date":"2018-12-05T16:14:18","date_gmt":"2018-12-05T15:14:18","guid":{"rendered":"http:\/\/bechtoldtajhaz.hu\/?page_id=11"},"modified":"2020-05-03T21:04:31","modified_gmt":"2020-05-03T19:04:31","slug":"gyujtemenyek-kiallitasok","status":"publish","type":"page","link":"https:\/\/bechtoldtajhaz.hu\/de\/gyujtemenyek-kiallitasok\/","title":{"rendered":"Sammlungen &#8211; Ausstellungen"},"content":{"rendered":"<p>In dem ehemaligen Wohnhaus der Familie Bechtold erwarten ein sch\u00f6n eingerichteter \u201eReinraum\u201d, eine K\u00fcche und an der Stelle des ehemaligen Schlafzimmers eine Foto- und Dokumentenausstellung die Besucher.<\/p>\n<p><!--more--><\/p>\n\n\n<h2 class=\"has-text-align-center wp-block-heading\">AUSSTELLUNGEN<\/h2>\n\n\n\n<div class=\"wp-block-columns has-2-columns is-layout-flex wp-container-core-columns-is-layout-9d6595d7 wp-block-columns-is-layout-flex\">\n<div class=\"wp-block-column is-layout-flow wp-block-column-is-layout-flow\">\n<div class=\"wp-block-cover has-background-dim\" style=\"background-image:url(https:\/\/bechtoldtajhaz.hu\/wp-content\/uploads\/2018\/12\/allando-kiallitasok.jpg)\"><div class=\"wp-block-cover__inner-container is-layout-flow wp-block-cover-is-layout-flow\">\n<p class=\"has-text-align-center has-large-font-size\">Dauer-austellung<\/p>\n<\/div><\/div>\n<\/div>\n\n\n\n<div class=\"wp-block-column is-layout-flow wp-block-column-is-layout-flow\">\n<p>Das Meublement stammt aus dem 19.-20. Jahrhundert, auf dem Tisch findet man ein gesticktes Tischtuch, Auch die Stellage ist mit einem gestrickten Streifen dekoriert. Um den Tisch herum sind ein Hocker und seitlich ein kleines Stockerl. In dem Zimmer sieht man neben dem typischen zweit\u00fcrigen Kasten auch eine prachtvolle Schublade. In dem Kasten sind alte Bettw\u00e4sche, Hemden, Unterw\u00e4sche, Blusen, R\u00f6cke und M\u00e4ntel. Auch eine Wiege mit Windeln und Puppe gibt es hier. In der K\u00fcche stehen in dem sch\u00f6n renovierten K\u00fcchenschrank Bestecke, Teller, Gl\u00e4ser und verzierte Platten. Auf der Stellage stehen mit Glasur \u00fcberzogene Kr\u00fcge, uralte Sodawasserflaschen, Salzstreuer und noch viele Kleinigkeiten. Auf der Wasserbank sind zwei Eimer und eine kleine Kanne, darunter ein Wurstf\u00fcller sowie ein Tomatenpassierer.<br>Das Erlebnis der Zeitreise machen die in zeitgen\u00f6ssisches Gewand verkleidete Puppen, Fotos und die anschaubare Dokumente vollst\u00e4ndig.<br><\/p>\n<\/div>\n<\/div>\n\n\n\n<h2 class=\"has-text-align-center wp-block-heading\">SAMMLUNGEN IM HEIMATMUSEUM<\/h2>\n\n\n\n<div class=\"wp-block-columns has-3-columns is-layout-flex wp-container-core-columns-is-layout-9d6595d7 wp-block-columns-is-layout-flex\">\n<div class=\"wp-block-column is-layout-flow wp-block-column-is-layout-flow\">\n<div class=\"wp-block-cover has-background-dim\" style=\"background-image:url(https:\/\/bechtoldtajhaz.hu\/wp-content\/uploads\/2018\/12\/neprajzi-gyujtemeny-768x1024.jpg)\"><div class=\"wp-block-cover__inner-container is-layout-flow wp-block-cover-is-layout-flow\">\n<p style=\"font-size:30px\" class=\"has-text-color has-text-align-center has-very-light-gray-color\"><a href=\"https:\/\/bechtoldtajhaz.hu\/gyujtemenyek-kiallitasok\/neprajzi-gyujtemeny-2\/\" class=\"aioseop-link\">Ethno-grafische Sammlung<\/a><\/p>\n<\/div><\/div>\n<\/div>\n\n\n\n<div class=\"wp-block-column is-layout-flow wp-block-column-is-layout-flow\">\n<div class=\"wp-block-cover has-background-dim\" style=\"background-image:url(https:\/\/bechtoldtajhaz.hu\/wp-content\/uploads\/2018\/12\/dokumentum-leltar.jpg)\"><div class=\"wp-block-cover__inner-container is-layout-flow wp-block-cover-is-layout-flow\">\n<p style=\"font-size:30px\" class=\"has-text-color has-text-align-center has-very-light-gray-color\"><a href=\"https:\/\/bechtoldtajhaz.hu\/gyujtemenyek-kiallitasok\/fototar\" class=\"aioseop-link\">Foto-sammlung<\/a><\/p>\n<\/div><\/div>\n<\/div>\n\n\n\n<div class=\"wp-block-column is-layout-flow wp-block-column-is-layout-flow\">\n<div class=\"wp-block-cover has-background-dim\" style=\"background-image:url(https:\/\/bechtoldtajhaz.hu\/wp-content\/uploads\/2019\/01\/gruberjozsef_ujjaepites_oklevel.jpg)\"><div class=\"wp-block-cover__inner-container is-layout-flow wp-block-cover-is-layout-flow\">\n<p style=\"font-size:30px\" class=\"has-text-color has-text-align-center has-very-light-gray-color\"><a href=\"https:\/\/bechtoldtajhaz.hu\/gyujtemenyek-kiallitasok\/dokumentumtar\" class=\"aioseop-link\">Doku-menten-sammlung<\/a><\/p>\n<\/div><\/div>\n<\/div>\n<\/div>\n","protected":false},"excerpt":{"rendered":"<p>A T\u00e1jh\u00e1zban \u00e1lland\u00f3 jelleggel megtekinthet\u0151 a N\u00e9prajzi Gy\u0171jtem\u00e9ny legt\u00f6bb darabja, valamint a falakon k\u00f6rben elhelyezett r\u00e9gi csal\u00e1di fot\u00f3k. A vitrinekben pedig r\u00e9gi iratok, dokumentumok l\u00e1that\u00f3k. A gy\u0171jtem\u00e9ny r\u00e9sz\u00e9t k\u00e9pez\u0151 t\u00e1rgyakat a N\u00e9met Nemzetis\u00e9gi \u00d6nkorm\u00e1nyzat felh\u00edv\u00e1s\u00e1ra hozt\u00e1k a helyi lakosok. Nagyon sokan aj\u00e1nd\u00e9koztak a k\u00f6zgy\u0171jtem\u00e9nybe r\u00e9gi b\u00fatorokat, haszn\u00e1lati t\u00e1rgyakat, dokumentumokat, korh\u0171 ruh\u00e1kat.<\/p>\n","protected":false},"author":1,"featured_media":38,"parent":0,"menu_order":0,"comment_status":"closed","ping_status":"closed","template":"","meta":{"ngg_post_thumbnail":0,"footnotes":""},"class_list":["post-11","page","type-page","status-publish","has-post-thumbnail","hentry"],"translation":{"provider":"WPGlobus","version":"3.0.0","language":"de","enabled_languages":["hu","de"],"languages":{"hu":{"title":true,"content":true,"excerpt":false},"de":{"title":true,"content":true,"excerpt":false}}},"aioseo_notices":[],"_links":{"self":[{"href":"https:\/\/bechtoldtajhaz.hu\/de\/wp-json\/wp\/v2\/pages\/11","targetHints":{"allow":["GET"]}}],"collection":[{"href":"https:\/\/bechtoldtajhaz.hu\/de\/wp-json\/wp\/v2\/pages"}],"about":[{"href":"https:\/\/bechtoldtajhaz.hu\/de\/wp-json\/wp\/v2\/types\/page"}],"author":[{"embeddable":true,"href":"https:\/\/bechtoldtajhaz.hu\/de\/wp-json\/wp\/v2\/users\/1"}],"replies":[{"embeddable":true,"href":"https:\/\/bechtoldtajhaz.hu\/de\/wp-json\/wp\/v2\/comments?post=11"}],"version-history":[{"count":53,"href":"https:\/\/bechtoldtajhaz.hu\/de\/wp-json\/wp\/v2\/pages\/11\/revisions"}],"predecessor-version":[{"id":1167,"href":"https:\/\/bechtoldtajhaz.hu\/de\/wp-json\/wp\/v2\/pages\/11\/revisions\/1167"}],"wp:featuredmedia":[{"embeddable":true,"href":"https:\/\/bechtoldtajhaz.hu\/de\/wp-json\/wp\/v2\/media\/38"}],"wp:attachment":[{"href":"https:\/\/bechtoldtajhaz.hu\/de\/wp-json\/wp\/v2\/media?parent=11"}],"curies":[{"name":"wp","href":"https:\/\/api.w.org\/{rel}","templated":true}]}}