{"id":1890,"date":"2023-12-01T22:05:33","date_gmt":"2023-12-01T21:05:33","guid":{"rendered":"https:\/\/bechtoldtajhaz.hu\/?page_id=1890"},"modified":"2025-07-08T19:16:21","modified_gmt":"2025-07-08T17:16:21","slug":"kozerdeku_adatok","status":"publish","type":"page","link":"https:\/\/bechtoldtajhaz.hu\/de\/kozerdeku_adatok\/","title":{"rendered":"K\u00f6z\u00e9rdek\u0171 adatok"},"content":{"rendered":"\n<div data-wp-interactive=\"core\/file\" class=\"wp-block-file aligncenter\"><object data-wp-bind--hidden=\"!state.hasPdfPreview\" hidden class=\"wp-block-file__embed\" data=\"https:\/\/bechtoldtajhaz.hu\/wp-content\/uploads\/2023\/12\/kozerdeku-adatok.pdf\" type=\"application\/pdf\" style=\"width:100%;height:600px\" aria-label=\"Einbettung von K\u00d6Z\u00c9RDEK\u0170 ADATOK.\"><\/object><a id=\"wp-block-file--media-ffc2159f-9a65-48a4-802b-3677041c94bc\" href=\"https:\/\/bechtoldtajhaz.hu\/wp-content\/uploads\/2023\/12\/kozerdeku-adatok.pdf\">K\u00d6Z\u00c9RDEK\u0170 ADATOK<\/a><a href=\"https:\/\/bechtoldtajhaz.hu\/wp-content\/uploads\/2023\/12\/kozerdeku-adatok.pdf\" class=\"wp-block-file__button wp-element-button\" download aria-describedby=\"wp-block-file--media-ffc2159f-9a65-48a4-802b-3677041c94bc\">Let\u00f6lt\u00e9s<\/a><\/div>\n\n\n\n<p class=\"has-text-align-center\">IG\u00c9NYBEJELET\u0150 K\u00d6Z\u00c9RDEK\u0170 ADATOK MEGISMER\u00c9S\u00c9HEZ<\/p>\n\n\n\n<div data-wp-interactive=\"core\/file\" class=\"wp-block-file aligncenter\"><object data-wp-bind--hidden=\"!state.hasPdfPreview\" hidden class=\"wp-block-file__embed\" data=\"https:\/\/bechtoldtajhaz.hu\/wp-content\/uploads\/2023\/12\/igenybejelento-lap.pdf\" type=\"application\/pdf\" style=\"width:100%;height:600px\" aria-label=\"Einbettung von IG\u00c9NYBEJELENT\u0150 LAP.\"><\/object><a id=\"wp-block-file--media-fdab5b3d-0327-4e99-a0a7-10188f7a600f\" href=\"https:\/\/bechtoldtajhaz.hu\/wp-content\/uploads\/2023\/12\/igenybejelento-lap.pdf\">IG\u00c9NYBEJELENT\u0150 LAP<\/a><a href=\"https:\/\/bechtoldtajhaz.hu\/wp-content\/uploads\/2023\/12\/igenybejelento-lap.pdf\" class=\"wp-block-file__button wp-element-button\" download aria-describedby=\"wp-block-file--media-fdab5b3d-0327-4e99-a0a7-10188f7a600f\">Let\u00f6lt\u00e9s<\/a><\/div>\n\n\n\n<p class=\"has-text-align-center\">K\u00d6LTS\u00c9GVET\u00c9S<\/p>\n\n\n\n<div data-wp-interactive=\"core\/file\" class=\"wp-block-file\"><object data-wp-bind--hidden=\"!state.hasPdfPreview\" hidden class=\"wp-block-file__embed\" data=\"https:\/\/bechtoldtajhaz.hu\/wp-content\/uploads\/2025\/07\/2025-evi-koltsegvetes.pdf\" type=\"application\/pdf\" style=\"width:100%;height:600px\" aria-label=\"Einbettung von 2025 e\u0301vi ko\u0308ltse\u0301gvete\u0301s.\"><\/object><a id=\"wp-block-file--media-ecead177-792f-4e51-bb96-62732164317d\" href=\"https:\/\/bechtoldtajhaz.hu\/wp-content\/uploads\/2025\/07\/2025-evi-koltsegvetes.pdf\">2025 e\u0301vi ko\u0308ltse\u0301gvete\u0301s<\/a><a href=\"https:\/\/bechtoldtajhaz.hu\/wp-content\/uploads\/2025\/07\/2025-evi-koltsegvetes.pdf\" class=\"wp-block-file__button wp-element-button\" download aria-describedby=\"wp-block-file--media-ecead177-792f-4e51-bb96-62732164317d\">Let\u00f6lt\u00e9s<\/a><\/div>\n","protected":false},"excerpt":{"rendered":"<p>IG\u00c9NYBEJELET\u0150 K\u00d6Z\u00c9RDEK\u0170 ADATOK MEGISMER\u00c9S\u00c9HEZ K\u00d6LTS\u00c9GVET\u00c9S<\/p>\n","protected":false},"author":3,"featured_media":0,"parent":0,"menu_order":0,"comment_status":"closed","ping_status":"closed","template":"","meta":{"ngg_post_thumbnail":0,"footnotes":""},"class_list":["post-1890","page","type-page","status-publish","hentry"],"translation":{"provider":"WPGlobus","version":"3.0.0","language":"de","enabled_languages":["hu","de"],"languages":{"hu":{"title":true,"content":true,"excerpt":false},"de":{"title":false,"content":false,"excerpt":false}}},"aioseo_notices":[],"_links":{"self":[{"href":"https:\/\/bechtoldtajhaz.hu\/de\/wp-json\/wp\/v2\/pages\/1890","targetHints":{"allow":["GET"]}}],"collection":[{"href":"https:\/\/bechtoldtajhaz.hu\/de\/wp-json\/wp\/v2\/pages"}],"about":[{"href":"https:\/\/bechtoldtajhaz.hu\/de\/wp-json\/wp\/v2\/types\/page"}],"author":[{"embeddable":true,"href":"https:\/\/bechtoldtajhaz.hu\/de\/wp-json\/wp\/v2\/users\/3"}],"replies":[{"embeddable":true,"href":"https:\/\/bechtoldtajhaz.hu\/de\/wp-json\/wp\/v2\/comments?post=1890"}],"version-history":[{"count":3,"href":"https:\/\/bechtoldtajhaz.hu\/de\/wp-json\/wp\/v2\/pages\/1890\/revisions"}],"predecessor-version":[{"id":1933,"href":"https:\/\/bechtoldtajhaz.hu\/de\/wp-json\/wp\/v2\/pages\/1890\/revisions\/1933"}],"wp:attachment":[{"href":"https:\/\/bechtoldtajhaz.hu\/de\/wp-json\/wp\/v2\/media?parent=1890"}],"curies":[{"name":"wp","href":"https:\/\/api.w.org\/{rel}","templated":true}]}}