{"id":198,"date":"2018-12-16T18:26:26","date_gmt":"2018-12-16T17:26:26","guid":{"rendered":"http:\/\/bechtoldtajhaz.hu\/?page_id=198"},"modified":"2023-12-01T21:30:54","modified_gmt":"2023-12-01T20:30:54","slug":"muzeumpedagogia","status":"publish","type":"page","link":"https:\/\/bechtoldtajhaz.hu\/de\/muzeumpedagogia\/","title":{"rendered":"Museumsp\u00e4dagogische Besch\u00e4ftigungen im Heimatmuseum"},"content":{"rendered":"\n<p>Das Heimatmuseum bietet die M\u00f6glichkeit f\u00fcr die Sch\u00fclerinnen der in der N\u00e4he befindlichen deutschen Nationalit\u00e4ten-Grundschule verschiedene Unterrichtsstunden und Besch\u00e4ftigungen zu halten wie zum Beispiel Werken, Naturkunde, Volks- und Heimatkunde, bildnerische Erziehung, Projekttage<\/p>\n\n\n\n<figure class=\"wp-block-gallery columns-3 is-cropped wp-block-gallery-1 is-layout-flex wp-block-gallery-is-layout-flex\"><ul class=\"blocks-gallery-grid\"><li class=\"blocks-gallery-item\"><figure><img loading=\"lazy\" decoding=\"async\" width=\"400\" height=\"711\" src=\"https:\/\/bechtoldtajhaz.hu\/wp-content\/uploads\/2018\/12\/muzeumpedagogia_01.jpg\" alt=\"\" data-id=\"200\" data-link=\"https:\/\/bechtoldtajhaz.hu\/?attachment_id=200\" class=\"wp-image-200\" srcset=\"https:\/\/bechtoldtajhaz.hu\/wp-content\/uploads\/2018\/12\/muzeumpedagogia_01.jpg 400w, https:\/\/bechtoldtajhaz.hu\/wp-content\/uploads\/2018\/12\/muzeumpedagogia_01-169x300.jpg 169w\" sizes=\"auto, (max-width: 400px) 100vw, 400px\" \/><\/figure><\/li><li class=\"blocks-gallery-item\"><figure><img loading=\"lazy\" decoding=\"async\" width=\"400\" height=\"711\" src=\"https:\/\/bechtoldtajhaz.hu\/wp-content\/uploads\/2018\/12\/muzeumpedagogia_02.jpg\" alt=\"\" data-id=\"201\" data-link=\"https:\/\/bechtoldtajhaz.hu\/?attachment_id=201\" class=\"wp-image-201\" srcset=\"https:\/\/bechtoldtajhaz.hu\/wp-content\/uploads\/2018\/12\/muzeumpedagogia_02.jpg 400w, https:\/\/bechtoldtajhaz.hu\/wp-content\/uploads\/2018\/12\/muzeumpedagogia_02-169x300.jpg 169w\" sizes=\"auto, (max-width: 400px) 100vw, 400px\" \/><\/figure><\/li><li class=\"blocks-gallery-item\"><figure><img loading=\"lazy\" decoding=\"async\" width=\"400\" height=\"711\" src=\"https:\/\/bechtoldtajhaz.hu\/wp-content\/uploads\/2018\/12\/muzeumpedagogia_03.jpg\" alt=\"\" data-id=\"202\" data-link=\"https:\/\/bechtoldtajhaz.hu\/?attachment_id=202\" class=\"wp-image-202\" srcset=\"https:\/\/bechtoldtajhaz.hu\/wp-content\/uploads\/2018\/12\/muzeumpedagogia_03.jpg 400w, https:\/\/bechtoldtajhaz.hu\/wp-content\/uploads\/2018\/12\/muzeumpedagogia_03-169x300.jpg 169w\" sizes=\"auto, (max-width: 400px) 100vw, 400px\" \/><\/figure><\/li><li class=\"blocks-gallery-item\"><figure><img loading=\"lazy\" decoding=\"async\" width=\"400\" height=\"711\" src=\"https:\/\/bechtoldtajhaz.hu\/wp-content\/uploads\/2018\/12\/muzeumpedagogia_04.jpg\" alt=\"\" data-id=\"203\" data-link=\"https:\/\/bechtoldtajhaz.hu\/?attachment_id=203\" class=\"wp-image-203\" srcset=\"https:\/\/bechtoldtajhaz.hu\/wp-content\/uploads\/2018\/12\/muzeumpedagogia_04.jpg 400w, https:\/\/bechtoldtajhaz.hu\/wp-content\/uploads\/2018\/12\/muzeumpedagogia_04-169x300.jpg 169w\" sizes=\"auto, (max-width: 400px) 100vw, 400px\" \/><\/figure><\/li><li class=\"blocks-gallery-item\"><figure><img loading=\"lazy\" decoding=\"async\" width=\"400\" height=\"711\" src=\"https:\/\/bechtoldtajhaz.hu\/wp-content\/uploads\/2018\/12\/muzeumpedagogia_05.jpg\" alt=\"\" data-id=\"204\" data-link=\"https:\/\/bechtoldtajhaz.hu\/?attachment_id=204\" class=\"wp-image-204\" srcset=\"https:\/\/bechtoldtajhaz.hu\/wp-content\/uploads\/2018\/12\/muzeumpedagogia_05.jpg 400w, https:\/\/bechtoldtajhaz.hu\/wp-content\/uploads\/2018\/12\/muzeumpedagogia_05-169x300.jpg 169w\" sizes=\"auto, (max-width: 400px) 100vw, 400px\" \/><\/figure><\/li><li class=\"blocks-gallery-item\"><figure><img loading=\"lazy\" decoding=\"async\" width=\"400\" height=\"711\" src=\"https:\/\/bechtoldtajhaz.hu\/wp-content\/uploads\/2018\/12\/muzeumpedagogia_06.jpg\" alt=\"\" data-id=\"205\" data-link=\"https:\/\/bechtoldtajhaz.hu\/?attachment_id=205\" class=\"wp-image-205\" srcset=\"https:\/\/bechtoldtajhaz.hu\/wp-content\/uploads\/2018\/12\/muzeumpedagogia_06.jpg 400w, https:\/\/bechtoldtajhaz.hu\/wp-content\/uploads\/2018\/12\/muzeumpedagogia_06-169x300.jpg 169w\" sizes=\"auto, (max-width: 400px) 100vw, 400px\" \/><\/figure><\/li><li class=\"blocks-gallery-item\"><figure><img loading=\"lazy\" decoding=\"async\" width=\"400\" height=\"711\" src=\"https:\/\/bechtoldtajhaz.hu\/wp-content\/uploads\/2018\/12\/muzeumpedagogia_07.jpg\" alt=\"\" data-id=\"206\" data-link=\"https:\/\/bechtoldtajhaz.hu\/?attachment_id=206\" class=\"wp-image-206\" srcset=\"https:\/\/bechtoldtajhaz.hu\/wp-content\/uploads\/2018\/12\/muzeumpedagogia_07.jpg 400w, https:\/\/bechtoldtajhaz.hu\/wp-content\/uploads\/2018\/12\/muzeumpedagogia_07-169x300.jpg 169w\" sizes=\"auto, (max-width: 400px) 100vw, 400px\" \/><\/figure><\/li><li class=\"blocks-gallery-item\"><figure><img loading=\"lazy\" decoding=\"async\" width=\"400\" height=\"711\" src=\"https:\/\/bechtoldtajhaz.hu\/wp-content\/uploads\/2018\/12\/muzeumpedagogia_08.jpg\" alt=\"\" data-id=\"207\" data-link=\"https:\/\/bechtoldtajhaz.hu\/?attachment_id=207\" class=\"wp-image-207\" srcset=\"https:\/\/bechtoldtajhaz.hu\/wp-content\/uploads\/2018\/12\/muzeumpedagogia_08.jpg 400w, https:\/\/bechtoldtajhaz.hu\/wp-content\/uploads\/2018\/12\/muzeumpedagogia_08-169x300.jpg 169w\" sizes=\"auto, (max-width: 400px) 100vw, 400px\" \/><\/figure><\/li><li class=\"blocks-gallery-item\"><figure><img loading=\"lazy\" decoding=\"async\" width=\"400\" height=\"711\" src=\"https:\/\/bechtoldtajhaz.hu\/wp-content\/uploads\/2018\/12\/muzeumpedagogia_09.jpg\" alt=\"\" data-id=\"208\" data-link=\"https:\/\/bechtoldtajhaz.hu\/?attachment_id=208\" class=\"wp-image-208\" srcset=\"https:\/\/bechtoldtajhaz.hu\/wp-content\/uploads\/2018\/12\/muzeumpedagogia_09.jpg 400w, https:\/\/bechtoldtajhaz.hu\/wp-content\/uploads\/2018\/12\/muzeumpedagogia_09-169x300.jpg 169w\" sizes=\"auto, (max-width: 400px) 100vw, 400px\" \/><\/figure><\/li><\/ul><\/figure>\n\n\n\n<p>\u00dcber unsere museump\u00e4gagogische Besch\u00e4ftigungen k\u00f6nnen Sie sich durch dieses Formular informieren: <\/p>\n\n\n\n<div class=\"wpcf7 no-js\" id=\"wpcf7-f1095-o1\" lang=\"hu-HU\" dir=\"ltr\" data-wpcf7-id=\"1095\">\n<div class=\"screen-reader-response\"><p role=\"status\" aria-live=\"polite\" aria-atomic=\"true\"><\/p> <ul><\/ul><\/div>\n<form action=\"\/de\/wp-json\/wp\/v2\/pages\/198#wpcf7-f1095-o1\" method=\"post\" class=\"wpcf7-form init\" aria-label=\"Kapcsolatfelv\u00e9teli \u0171rlap\" novalidate=\"novalidate\" data-status=\"init\">\n<fieldset class=\"hidden-fields-container\"><input type=\"hidden\" name=\"_wpcf7\" value=\"1095\" \/><input type=\"hidden\" name=\"_wpcf7_version\" value=\"6.1.3\" \/><input type=\"hidden\" name=\"_wpcf7_locale\" value=\"hu_HU\" \/><input type=\"hidden\" name=\"_wpcf7_unit_tag\" value=\"wpcf7-f1095-o1\" \/><input type=\"hidden\" name=\"_wpcf7_container_post\" value=\"0\" \/><input type=\"hidden\" name=\"_wpcf7_posted_data_hash\" value=\"\" \/><input type=\"hidden\" name=\"_wpcf7_recaptcha_response\" value=\"\" \/>\n<\/fieldset>\n<p><label> Name*<br \/>\n<span class=\"wpcf7-form-control-wrap\" data-name=\"your-name\"><input size=\"40\" maxlength=\"400\" class=\"wpcf7-form-control wpcf7-text wpcf7-validates-as-required\" aria-required=\"true\" aria-invalid=\"false\" value=\"\" type=\"text\" name=\"your-name\" \/><\/span> <\/label>\n<\/p>\n<p><label> Email*<br \/>\n<span class=\"wpcf7-form-control-wrap\" data-name=\"your-email\"><input size=\"40\" maxlength=\"400\" class=\"wpcf7-form-control wpcf7-email wpcf7-validates-as-required wpcf7-text wpcf7-validates-as-email\" aria-required=\"true\" aria-invalid=\"false\" value=\"\" type=\"email\" name=\"your-email\" \/><\/span> <\/label>\n<\/p>\n<p><label> Betreff<br \/>\n<span class=\"wpcf7-form-control-wrap\" data-name=\"your-subject\"><input size=\"40\" maxlength=\"400\" class=\"wpcf7-form-control wpcf7-text\" aria-invalid=\"false\" value=\"\" type=\"text\" name=\"your-subject\" \/><\/span> <\/label>\n<\/p>\n<p><label> Ihr Nachricht<br \/>\n<span class=\"wpcf7-form-control-wrap\" data-name=\"your-message\"><textarea cols=\"40\" rows=\"10\" maxlength=\"2000\" class=\"wpcf7-form-control wpcf7-textarea\" aria-invalid=\"false\" name=\"your-message\"><\/textarea><\/span> <\/label>\n<\/p>\n<p><input class=\"wpcf7-form-control wpcf7-submit has-spinner\" type=\"submit\" value=\"Senden\" \/>\n<\/p><p style=\"display: none !important;\" class=\"akismet-fields-container\" data-prefix=\"_wpcf7_ak_\"><label>&#916;<textarea name=\"_wpcf7_ak_hp_textarea\" cols=\"45\" rows=\"8\" maxlength=\"100\"><\/textarea><\/label><input type=\"hidden\" id=\"ak_js_1\" name=\"_wpcf7_ak_js\" value=\"70\"\/><script>document.getElementById( \"ak_js_1\" ).setAttribute( \"value\", ( new Date() ).getTime() );<\/script><\/p><div class=\"wpcf7-response-output\" aria-hidden=\"true\"><\/div>\n<\/form>\n<\/div>\n\n\n\n\n<h2 class=\"wp-block-heading\">Bilder \u00fcber die letze Besch\u00e4ftigung <br>Weinlese 2018  &#8211; Schulprojekttag<\/h2>\n\n\n\nngg_shortcode_0_placeholder\n","protected":false},"excerpt":{"rendered":"<p>Das Heimatmuseum bietet die M\u00f6glichkeit f\u00fcr die Sch\u00fclerinnen der in der N\u00e4he befindlichen deutschen Nationalit\u00e4ten-Grundschule verschiedene Unterrichtsstunden und Besch\u00e4ftigungen zu halten wie zum Beispiel Werken, Naturkunde, Volks- und Heimatkunde, bildnerische Erziehung, Projekttage \u00dcber unsere museump\u00e4gagogische Besch\u00e4ftigungen k\u00f6nnen Sie sich durch dieses Formular informieren: Bilder \u00fcber die letze Besch\u00e4ftigung Weinlese 2018 &#8211; Schulprojekttag<\/p>\n","protected":false},"author":3,"featured_media":199,"parent":0,"menu_order":0,"comment_status":"closed","ping_status":"closed","template":"","meta":{"ngg_post_thumbnail":0,"footnotes":""},"class_list":["post-198","page","type-page","status-publish","has-post-thumbnail","hentry"],"translation":{"provider":"WPGlobus","version":"3.0.0","language":"de","enabled_languages":["hu","de"],"languages":{"hu":{"title":true,"content":true,"excerpt":false},"de":{"title":true,"content":true,"excerpt":false}}},"aioseo_notices":[],"_links":{"self":[{"href":"https:\/\/bechtoldtajhaz.hu\/de\/wp-json\/wp\/v2\/pages\/198","targetHints":{"allow":["GET"]}}],"collection":[{"href":"https:\/\/bechtoldtajhaz.hu\/de\/wp-json\/wp\/v2\/pages"}],"about":[{"href":"https:\/\/bechtoldtajhaz.hu\/de\/wp-json\/wp\/v2\/types\/page"}],"author":[{"embeddable":true,"href":"https:\/\/bechtoldtajhaz.hu\/de\/wp-json\/wp\/v2\/users\/3"}],"replies":[{"embeddable":true,"href":"https:\/\/bechtoldtajhaz.hu\/de\/wp-json\/wp\/v2\/comments?post=198"}],"version-history":[{"count":12,"href":"https:\/\/bechtoldtajhaz.hu\/de\/wp-json\/wp\/v2\/pages\/198\/revisions"}],"predecessor-version":[{"id":1888,"href":"https:\/\/bechtoldtajhaz.hu\/de\/wp-json\/wp\/v2\/pages\/198\/revisions\/1888"}],"wp:featuredmedia":[{"embeddable":true,"href":"https:\/\/bechtoldtajhaz.hu\/de\/wp-json\/wp\/v2\/media\/199"}],"wp:attachment":[{"href":"https:\/\/bechtoldtajhaz.hu\/de\/wp-json\/wp\/v2\/media?parent=198"}],"curies":[{"name":"wp","href":"https:\/\/api.w.org\/{rel}","templated":true}]}}