{"id":212,"date":"2018-12-16T18:30:15","date_gmt":"2018-12-16T17:30:15","guid":{"rendered":"http:\/\/bechtoldtajhaz.hu\/?page_id=212"},"modified":"2020-04-16T11:01:40","modified_gmt":"2020-04-16T09:01:40","slug":"impresszum","status":"publish","type":"page","link":"https:\/\/bechtoldtajhaz.hu\/de\/impresszum\/","title":{"rendered":"Impressum"},"content":{"rendered":"\n<h4 class=\"wp-block-heading\"><strong>Az \u00fczemeltet\u0151 adatai<\/strong><\/h4>\n\n\n\n<p>Az \u00fczemeltet\u0151 neve: N\u00e9met Nemzetis\u00e9gi \u00d6nkorm\u00e1nyzat Biatorb\u00e1gy<br>Az \u00fczemeltet\u0151 sz\u00e9khelye: 2051 Biatorb\u00e1gy, Baross G\u00e1bor u. 2\/a<br>Az \u00fczemeltet\u0151 postac\u00edme:&nbsp; 2051 Biatorb\u00e1gy, Baross G\u00e1bor u. 2\/a <br>Az \u00fczemeltet\u0151 c\u00e9gb\u00edr\u00f3s\u00e1gi bejegyz\u00e9si sz\u00e1ma: 13-06-069498<br>Az \u00fczemeltet\u0151 ad\u00f3sz\u00e1ma:&nbsp;<br><\/p>\n\n\n\n<h4 class=\"wp-block-heading\"><strong>Az \u00fczemeltet\u0151 el\u00e9rhet\u0151s\u00e9gei<\/strong><\/h4>\n\n\n\n<p>e-mail: info[@] bechtoldtajhaz [.] hu<\/p>\n\n\n\n<div class=\"wp-block-columns has-2-columns is-layout-flex wp-container-core-columns-is-layout-9d6595d7 wp-block-columns-is-layout-flex\">\n<div class=\"wp-block-column is-layout-flow wp-block-column-is-layout-flow\">\n<div class=\"wp-block-button aligncenter\"><a class=\"wp-block-button__link has-background has-vivid-red-background-color\" href=\"https:\/\/bechtoldtajhaz.hu\/wp-content\/uploads\/2018\/12\/bechtold-tajhaz-alapito-okirat.pdf\">Alap\u00edt\u00f3 okirat<br><\/a><\/div>\n<\/div>\n\n\n\n<div class=\"wp-block-column is-layout-flow wp-block-column-is-layout-flow\">\n<div class=\"wp-block-button aligncenter\"><a class=\"wp-block-button__link has-background has-vivid-red-background-color\" href=\"https:\/\/bechtoldtajhaz.hu\/wp-content\/uploads\/2018\/12\/bechtold-tajhaz-mukodesi-enegedely.pdf\">M\u0171k\u00f6d\u00e9si enged\u00e9ly<\/a><\/div>\n<\/div>\n<\/div>\n\n\n\n<h4 class=\"wp-block-heading\"><strong>Az \u00fczemeltet\u0151 weboldal\u00e1nak t\u00e1rhelyszolg\u00e1ltat\u00f3ja<\/strong><\/h4>\n\n\n\n<p>A weboldal t\u00e1rhelyszolg\u00e1ltat\u00f3ja a ProfiT\u00e1rhely Kft. (Sz\u00e9khely: 6000 Kecskem\u00e9t Szolnoki \u00fat 23., Telefon: +36 20 254 0866, E-mail: ugyfelszolgalat [@] profitarhely [.] hu).<\/p>\n","protected":false},"excerpt":{"rendered":"<p>Az \u00fczemeltet\u0151 adatai Az \u00fczemeltet\u0151 neve: N\u00e9met Nemzetis\u00e9gi \u00d6nkorm\u00e1nyzat Biatorb\u00e1gyAz \u00fczemeltet\u0151 sz\u00e9khelye: 2051 Biatorb\u00e1gy, Baross G\u00e1bor u. 2\/aAz \u00fczemeltet\u0151 postac\u00edme:&nbsp; 2051 Biatorb\u00e1gy, Baross G\u00e1bor u. 2\/a Az \u00fczemeltet\u0151 c\u00e9gb\u00edr\u00f3s\u00e1gi bejegyz\u00e9si sz\u00e1ma: 13-06-069498Az \u00fczemeltet\u0151 ad\u00f3sz\u00e1ma:&nbsp; Az \u00fczemeltet\u0151 el\u00e9rhet\u0151s\u00e9gei e-mail: info[@] bechtoldtajhaz [.] hu Az \u00fczemeltet\u0151 weboldal\u00e1nak t\u00e1rhelyszolg\u00e1ltat\u00f3ja A weboldal t\u00e1rhelyszolg\u00e1ltat\u00f3ja a ProfiT\u00e1rhely Kft. (Sz\u00e9khely: 6000 Kecskem\u00e9t &hellip; <\/p>\n<p class=\"link-more\"><a href=\"https:\/\/bechtoldtajhaz.hu\/de\/impresszum\/\" class=\"more-link\"><span class=\"screen-reader-text\">\u201eImpressum\u201c<\/span> weiterlesen<\/a><\/p>\n","protected":false},"author":1,"featured_media":0,"parent":0,"menu_order":0,"comment_status":"closed","ping_status":"closed","template":"","meta":{"ngg_post_thumbnail":0,"footnotes":""},"class_list":["post-212","page","type-page","status-publish","hentry"],"translation":{"provider":"WPGlobus","version":"3.0.0","language":"de","enabled_languages":["hu","de"],"languages":{"hu":{"title":true,"content":true,"excerpt":false},"de":{"title":true,"content":false,"excerpt":false}}},"aioseo_notices":[],"_links":{"self":[{"href":"https:\/\/bechtoldtajhaz.hu\/de\/wp-json\/wp\/v2\/pages\/212","targetHints":{"allow":["GET"]}}],"collection":[{"href":"https:\/\/bechtoldtajhaz.hu\/de\/wp-json\/wp\/v2\/pages"}],"about":[{"href":"https:\/\/bechtoldtajhaz.hu\/de\/wp-json\/wp\/v2\/types\/page"}],"author":[{"embeddable":true,"href":"https:\/\/bechtoldtajhaz.hu\/de\/wp-json\/wp\/v2\/users\/1"}],"replies":[{"embeddable":true,"href":"https:\/\/bechtoldtajhaz.hu\/de\/wp-json\/wp\/v2\/comments?post=212"}],"version-history":[{"count":9,"href":"https:\/\/bechtoldtajhaz.hu\/de\/wp-json\/wp\/v2\/pages\/212\/revisions"}],"predecessor-version":[{"id":1129,"href":"https:\/\/bechtoldtajhaz.hu\/de\/wp-json\/wp\/v2\/pages\/212\/revisions\/1129"}],"wp:attachment":[{"href":"https:\/\/bechtoldtajhaz.hu\/de\/wp-json\/wp\/v2\/media?parent=212"}],"curies":[{"name":"wp","href":"https:\/\/api.w.org\/{rel}","templated":true}]}}