{"id":216,"date":"2018-12-16T18:49:47","date_gmt":"2018-12-16T17:49:47","guid":{"rendered":"http:\/\/bechtoldtajhaz.hu\/?page_id=216"},"modified":"2023-08-09T22:01:21","modified_gmt":"2023-08-09T20:01:21","slug":"adatvedelmi-tajekoztato","status":"publish","type":"page","link":"https:\/\/bechtoldtajhaz.hu\/de\/adatvedelmi-tajekoztato\/","title":{"rendered":"Datenschutz"},"content":{"rendered":"\n<p class=\"has-text-align-center\"><strong>A <\/strong><strong>Bechtold Sv\u00e1b T\u00e1jh\u00e1z<\/strong><strong> adatkezel\u00e9si tev\u00e9kenys\u00e9g\u00e9r\u0151l<\/strong><\/p>\n\n\n\n<p class=\"has-text-align-center\">A Bechtold Sv\u00e1b T\u00e1jh\u00e1z, mint szem\u00e9lyes adatok k\u00f6zvetlen kezel\u0151je (a tov\u00e1bbiakban: Adatkezel\u0151) a jelen Adatkezel\u00e9si t\u00e1j\u00e9koztat\u00f3val t\u00e1j\u00e9koztatja az \u00e9rintetteket adatkezel\u00e9si gyakorlat\u00e1r\u00f3l, a birtok\u00e1ba ker\u00fclt szem\u00e9lyes adatok v\u00e9delme \u00e9rdek\u00e9ben megtett int\u00e9zked\u00e9seir\u0151l \u00e9s az \u00e9rintettek jogorvoslati lehet\u0151s\u00e9geir\u0151l.<\/p>\n\n\n\n<p class=\"has-text-align-center\">A jelen adatkezel\u00e9si t\u00e1j\u00e9koztat\u00f3 az inform\u00e1ci\u00f3s \u00f6nrendelkez\u00e9si jogr\u00f3l \u00e9s az inform\u00e1ci\u00f3szabads\u00e1gr\u00f3l sz\u00f3l\u00f3 2011. \u00e9vi CXII. t\u00f6rv\u00e9ny (a tov\u00e1bbiakban: Infotv.) valamint az Eur\u00f3pai Parlament \u00e9s a Tan\u00e1cs 2016\/679 Rendelet\u00e9ben (\u201eGDPR&#8220;) el\u0151\u00edrtakon alapul. Az Adatkezel\u0151 jelen T\u00e1j\u00e9koztat\u00f3ban valamint az Adatkezel\u0151 adatv\u00e9delmi \u00e9s adatbiztons\u00e1gi szab\u00e1lyzat\u00e1ban foglaltaknak megfelel\u0151en, kiz\u00e1r\u00f3lag az adatkezel\u00e9ssel el\u00e9rend\u0151 c\u00e9lhoz elengedhetetlen\u00fcl sz\u00fcks\u00e9ges m\u00e9rt\u00e9kben kezeli az \u00e9rintettek szem\u00e9lyes adatait.<\/p>\n\n\n\n<p class=\"has-text-align-center\">Az Adatkezel\u0151 fenntartja mag\u00e1nak a jogot a jelen T\u00e1j\u00e9koztat\u00f3 rendelkez\u00e9seinek megv\u00e1ltoztat\u00e1s\u00e1ra. A m\u00f3dos\u00edt\u00e1sokr\u00f3l az Adatkezel\u0151 a <a href=\"https:\/\/bechtoldtajhaz.hu\/\" rel=\"noreferrer noopener\" target=\"_blank\">https:\/\/bechtoldtajhaz.hu\/<\/a> weboldalon r\u00f6vid felh\u00edv\u00e1s \u00fatj\u00e1n vagy v\u00e1ltoz\u00e1s jelleg\u00e9t\u0151l f\u00fcgg\u0151en k\u00f6zvetlen\u00fcl \u00e9rtes\u00edti az \u00e9rintetteket. Amennyiben az \u00e9rintett a t\u00e1j\u00e9koztat\u00e1st k\u00f6vet\u0151en tov\u00e1bbra is ig\u00e9nybe veszi az Adatkezel\u0151 szolg\u00e1ltat\u00e1sait, az a T\u00e1j\u00e9koztat\u00f3 m\u00f3dos\u00edtott rendelkez\u00e9sei elfogad\u00e1s\u00e1nak min\u0151s\u00fcl<\/p>\n\n\n\n<p><strong>1. Adatkezel\u0151 azonos\u00edt\u00f3 adatai:<\/strong><\/p>\n\n\n\n<p>Bechtold Sv\u00e1b T\u00e1jh\u00e1z<\/p>\n\n\n\n<h4 class=\"wp-block-heading\">sz\u00e9khely: &nbsp;2051 Biatorb\u00e1gy, F\u0151 u. 92.<\/h4>\n\n\n\n<p><strong>Relev\u00e1ns kapcsolattart\u00e1si adatok<\/strong><\/p>\n\n\n\n<p>Telefonsz\u00e1m: +36 23 787 391<\/p>\n\n\n\n<p>E-mail c\u00edm: <a href=\"mailto:info@bechtoldtajhaz.hu\" rel=\"noreferrer noopener\" target=\"_blank\">info@bechtoldtajhaz.hu<\/a><\/p>\n\n\n\n<p><strong>2. Adatkezel\u00e9si tev\u00e9kenys\u00e9g:<\/strong><\/p>\n\n\n\n<p class=\"has-text-align-center\">&#8211;&nbsp;&nbsp;&nbsp;&nbsp;&nbsp;&nbsp;&nbsp; az Adatkezel\u0151 \u00e1ltal szervezett rendezv\u00e9nyre, programokra jelentkez\u0151k adatainak kezel\u00e9se<\/p>\n\n\n\n<p class=\"has-text-align-center\">&#8211;&nbsp;&nbsp;&nbsp;&nbsp;&nbsp;&nbsp;&nbsp; \u00f6nk\u00e9ntes munkav\u00e9gz\u00e9shez kapcsol\u00f3d\u00f3 adatkezel\u00e9s<\/p>\n\n\n\n<p class=\"has-text-align-center\">&#8211;&nbsp;&nbsp;&nbsp;&nbsp;&nbsp;&nbsp;&nbsp; aj\u00e1nlatk\u00e9r\u0151k, inform\u00e1ci\u00f3 k\u00e9r\u0151k adatainak kezel\u00e9se<\/p>\n\n\n\n<p class=\"has-text-align-center\">&#8211;&nbsp;&nbsp;&nbsp;&nbsp;&nbsp;&nbsp;&nbsp; panaszkezel\u00e9shez kapcsol\u00f3d\u00f3 szem\u00e9lyes adatok kezel\u00e9se<\/p>\n\n\n\n<p class=\"has-text-align-center\">&#8211;&nbsp;&nbsp;&nbsp;&nbsp;&nbsp;&nbsp;&nbsp; honlap \u00e1ltal haszn\u00e1lt cookie-k a honlap k\u00e9nyelmi haszn\u00e1lat\u00e1nak jav\u00edt\u00e1sa<\/p>\n\n\n\n<p><strong>3. Az adatkezel\u00e9s jogalapja:<\/strong><\/p>\n\n\n\n<p>Az adatkezel\u00e9s a GDPR 6. cikk (1) bekezd\u00e9s a) pontja alapj\u00e1n, az \u00e9rintett hozz\u00e1j\u00e1rul\u00e1s\u00e1val t\u00f6rt\u00e9nik, amennyiben az \u00e9rintett az Adatkezel\u0151 \u00e1ltal rendszeres\u00edtett form\u00e1ban hozz\u00e1j\u00e1rul adatainak kezel\u00e9s\u00e9hez.<\/p>\n\n\n\n<p><strong>4. Az Adatkezel\u0151 \u00e1ltal kezelt szem\u00e9lyes adatok k\u00f6re:<\/strong><\/p>\n\n\n\n<p>Az \u00e9rintett hozz\u00e1j\u00e1rul\u00e1s\u00e1ban megadottak szerint<\/p>\n\n\n\n<p><strong>5. Az adatkezel\u00e9s id\u0151tartama:<\/strong><\/p>\n\n\n\n<p>Az adatkezel\u00e9s c\u00e9lj\u00e1nak fenn\u00e1ll\u00e1s\u00e1ig, annak megsz\u0171n\u00e9s\u00e9t k\u00f6vet\u0151en, illet\u0151leg hozz\u00e1j\u00e1rul\u00e1s visszavon\u00e1s eset\u00e9n, a visszavon\u00e1s napj\u00e1t\u00f3l sz\u00e1m\u00edtott legk\u00e9s\u0151bb 3 napig.<\/p>\n\n\n\n<p><strong>6. Adatfeldolgoz\u00f3 ig\u00e9nybev\u00e9tel\u00e9r\u0151l sz\u00f3l\u00f3 t\u00e1j\u00e9koztat\u00e1s:<\/strong><\/p>\n\n\n\n<p>Adatkezel\u0151 adatfeldolgoz\u00f3t nem vesz ig\u00e9nybe.<\/p>\n\n\n\n<p><strong>7. Az adatok megismer\u00e9s\u00e9re jogosult szem\u00e9lyek k\u00f6re:<\/strong><\/p>\n\n\n\n<p>Az Adatkezel\u0151 munkav\u00e1llal\u00f3ja.<\/p>\n\n\n\n<p><strong>8. Adatbiztons\u00e1gi int\u00e9zked\u00e9sekr\u0151l sz\u00f3l\u00f3 t\u00e1j\u00e9koztat\u00e1s:<\/strong><\/p>\n\n\n\n<p class=\"has-text-align-center\">Az Adatkezel\u0151 kiz\u00e1r\u00f3lagos \u00f6nkorm\u00e1nyzati fenntart\u00e1s\u00fa k\u00f6lts\u00e9gvet\u00e9si szerv, gazd\u00e1lkod\u00e1sa \u00e1tl\u00e1that\u00f3, m\u0171k\u00f6d\u00e9se szab\u00e1lyozott, az iratt\u00e1roz\u00e1s rendj\u00e9re \u00e9s az informatikai rendszer m\u0171k\u00f6d\u00e9s\u00e9re bels\u0151 szab\u00e1lyoz\u00e1sokat \u00e9s kontrollokat alkalmaz. Az Adatkezel\u0151 gondoskodott a birtok\u00e1ba ker\u00fcl\u0151 szem\u00e9lyes adatok biztons\u00e1g\u00e1r\u00f3l, megtette tov\u00e1bb\u00e1 azokat a technikai \u00e9s szervez\u00e9si int\u00e9zked\u00e9seket \u00e9s kialak\u00edtotta azokat az elj\u00e1r\u00e1si szab\u00e1lyokat, amelyek az Infotv., valamint a GDPR el\u0151\u00edr\u00e1sainak \u00e9rv\u00e9nyre juttat\u00e1s\u00e1hoz sz\u00fcks\u00e9gesek. Adatkezel\u0151 informatikai rendszere \u00e9s h\u00e1l\u00f3zata egyar\u00e1nt v\u00e9dett a sz\u00e1m\u00edt\u00f3g\u00e9ppel t\u00e1mogatott csal\u00e1s, k\u00e9mked\u00e9s, szabot\u00e1zs, vandalizmus, t\u0171z \u00e9s \u00e1rv\u00edz, tov\u00e1bb\u00e1 a sz\u00e1m\u00edt\u00f3g\u00e9pv\u00edrusok, a sz\u00e1m\u00edt\u00f3g\u00e9pes bet\u00f6r\u00e9sek \u00e9s a szolg\u00e1lat megtagad\u00e1sra vezet\u0151 t\u00e1mad\u00e1sok ellen.<\/p>\n\n\n\n<p><strong>9. Az \u00e9rintettek jogai \u00e9s jog\u00e9rv\u00e9nyes\u00edt\u00e9si lehet\u0151s\u00e9gei:<\/strong><\/p>\n\n\n\n<p class=\"has-text-align-center\">Az \u00e9rintettnek jog\u00e1ban \u00e1ll k\u00e9relmezni az Adatkezel\u0151t\u0151l, hogy a szem\u00e9lyes adataihoz hozz\u00e1f\u00e9rjen, helyesb\u00edt\u00e9st vagy t\u00f6rl\u00e9st vagy kezel\u00e9s korl\u00e1toz\u00e1s\u00e1t k\u00e9rje. Az \u00e9rintett b\u00e1rmely id\u0151pontban visszavonhatja hozz\u00e1j\u00e1rul\u00e1s\u00e1t.<\/p>\n\n\n\n<p class=\"has-text-align-center\">Az \u00e9rintett a jogainak megs\u00e9rt\u00e9se eset\u00e9n az Adatkezel\u0151 ellen b\u00edr\u00f3s\u00e1ghoz fordulhat, vagy k\u00e9rheti a Nemzeti Adatv\u00e9delmi \u00e9s Inform\u00e1ci\u00f3szabads\u00e1g Hat\u00f3s\u00e1g seg\u00edts\u00e9g\u00e9t is. Jogorvoslati lehet\u0151s\u00e9ggel, panasszal a Nemzeti Adatv\u00e9delmi \u00e9s Inform\u00e1ci\u00f3szabads\u00e1g Hat\u00f3s\u00e1gn\u00e1l lehet \u00e9lni:<\/p>\n\n\n\n<p><strong>Nemzeti Adatv\u00e9delmi \u00e9s Inform\u00e1ci\u00f3szabads\u00e1g Hat\u00f3s\u00e1g<\/strong><\/p>\n\n\n\n<p>Sz\u00e9khely: 1055 Budapest, Falk Miksa u. 9-11.<\/p>\n\n\n\n<p>Honlap: <a href=\"http:\/\/www.naih.hu\" rel=\"noreferrer noopener\" target=\"_blank\">http:\/\/www.naih.hu<\/a><\/p>\n\n\n\n<p>Telefon: +36 (1) 391-1400<\/p>\n\n\n\n<p>Telefax: +36 (1) 391-1410<\/p>\n\n\n\n<p>E-mail: <a href=\"mailto:ugyfelszolgalat@naih.hu\" rel=\"noreferrer noopener\" target=\"_blank\">ugyfelszolgalat@naih.hu<\/a><\/p>\n\n\n\n<p><strong>Az Adatkezel\u0151 adatkezel\u00e9s\u00e9vel kapcsolatos, jelen t\u00e1j\u00e9koztat\u00f3ban nem szerepl\u0151 tov\u00e1bbi inform\u00e1ci\u00f3kat az Adatkezel\u0151 adatv\u00e9delmi \u00e9s adatbiztons\u00e1gi szab\u00e1lyzata tartalmazza.<\/strong><\/p>\n\n\n\n<h4 class=\"wp-block-heading\">ADATK\u00c9R\u0150 LAP<\/h4>\n\n\n\n<p>Szem\u00e9lyes adatok hozz\u00e1j\u00e1rul\u00e1son alapul\u00f3 kezel\u00e9s\u00e9hez<\/p>\n\n\n\n<div data-wp-interactive=\"core\/file\" class=\"wp-block-file\"><object data-wp-bind--hidden=\"!state.hasPdfPreview\" hidden class=\"wp-block-file__embed\" data=\"https:\/\/bechtoldtajhaz.hu\/wp-content\/uploads\/2023\/08\/hozzajarulas-szemelyes-adatok-kezelesehez.pdf\" type=\"application\/pdf\" style=\"width:100%;height:600px\" aria-label=\"Einbettung von hozz\u00e1j\u00e1rul\u00e1s szem\u00e9lyes adatok kezel\u00e9s\u00e9hez.\"><\/object><a id=\"wp-block-file--media-3551dc6a-9d06-4564-a647-caeb140080a9\" href=\"https:\/\/bechtoldtajhaz.hu\/wp-content\/uploads\/2023\/08\/hozzajarulas-szemelyes-adatok-kezelesehez.pdf\">hozz\u00e1j\u00e1rul\u00e1s szem\u00e9lyes adatok kezel\u00e9s\u00e9hez<\/a><a href=\"https:\/\/bechtoldtajhaz.hu\/wp-content\/uploads\/2023\/08\/hozzajarulas-szemelyes-adatok-kezelesehez.pdf\" class=\"wp-block-file__button wp-element-button\" download aria-describedby=\"wp-block-file--media-3551dc6a-9d06-4564-a647-caeb140080a9\">Let\u00f6lt\u00e9s<\/a><\/div>\n\n\n\n<p><\/p>\n\n\n\n<p>T\u00e1j\u00e9koztat\u00f3 a honlapon elhelyezett cookie-k (s\u00fctik) haszn\u00e1lat\u00e1r\u00f3l<\/p>\n\n\n\n<div data-wp-interactive=\"core\/file\" class=\"wp-block-file\"><object data-wp-bind--hidden=\"!state.hasPdfPreview\" hidden class=\"wp-block-file__embed\" data=\"https:\/\/bechtoldtajhaz.hu\/wp-content\/uploads\/2023\/08\/cookie-suti-tajekoztato.pdf\" type=\"application\/pdf\" style=\"width:100%;height:600px\" aria-label=\"Einbettung von cookie_s\u00fcti t\u00e1j\u00e9koztat\u00f3.\"><\/object><a id=\"wp-block-file--media-c9caec23-d359-4bc0-83a5-0ada6f92c901\" href=\"https:\/\/bechtoldtajhaz.hu\/wp-content\/uploads\/2023\/08\/cookie-suti-tajekoztato.pdf\">cookie_s\u00fcti t\u00e1j\u00e9koztat\u00f3<\/a><a href=\"https:\/\/bechtoldtajhaz.hu\/wp-content\/uploads\/2023\/08\/cookie-suti-tajekoztato.pdf\" class=\"wp-block-file__button wp-element-button\" download aria-describedby=\"wp-block-file--media-c9caec23-d359-4bc0-83a5-0ada6f92c901\">Let\u00f6lt\u00e9s<\/a><\/div>\n","protected":false},"excerpt":{"rendered":"<p>A Bechtold Sv\u00e1b T\u00e1jh\u00e1z adatkezel\u00e9si tev\u00e9kenys\u00e9g\u00e9r\u0151l A Bechtold Sv\u00e1b T\u00e1jh\u00e1z, mint szem\u00e9lyes adatok k\u00f6zvetlen kezel\u0151je (a tov\u00e1bbiakban: Adatkezel\u0151) a jelen Adatkezel\u00e9si t\u00e1j\u00e9koztat\u00f3val t\u00e1j\u00e9koztatja az \u00e9rintetteket adatkezel\u00e9si gyakorlat\u00e1r\u00f3l, a birtok\u00e1ba ker\u00fclt szem\u00e9lyes adatok v\u00e9delme \u00e9rdek\u00e9ben megtett int\u00e9zked\u00e9seir\u0151l \u00e9s az \u00e9rintettek jogorvoslati lehet\u0151s\u00e9geir\u0151l. A jelen adatkezel\u00e9si t\u00e1j\u00e9koztat\u00f3 az inform\u00e1ci\u00f3s \u00f6nrendelkez\u00e9si jogr\u00f3l \u00e9s az inform\u00e1ci\u00f3szabads\u00e1gr\u00f3l sz\u00f3l\u00f3 2011. \u00e9vi &hellip; <\/p>\n<p class=\"link-more\"><a href=\"https:\/\/bechtoldtajhaz.hu\/de\/adatvedelmi-tajekoztato\/\" class=\"more-link\"><span class=\"screen-reader-text\">\u201eDatenschutz\u201c<\/span> weiterlesen<\/a><\/p>\n","protected":false},"author":1,"featured_media":0,"parent":0,"menu_order":0,"comment_status":"closed","ping_status":"closed","template":"","meta":{"ngg_post_thumbnail":0,"footnotes":""},"class_list":["post-216","page","type-page","status-publish","hentry"],"translation":{"provider":"WPGlobus","version":"3.0.0","language":"de","enabled_languages":["hu","de"],"languages":{"hu":{"title":true,"content":true,"excerpt":false},"de":{"title":true,"content":false,"excerpt":false}}},"aioseo_notices":[],"_links":{"self":[{"href":"https:\/\/bechtoldtajhaz.hu\/de\/wp-json\/wp\/v2\/pages\/216","targetHints":{"allow":["GET"]}}],"collection":[{"href":"https:\/\/bechtoldtajhaz.hu\/de\/wp-json\/wp\/v2\/pages"}],"about":[{"href":"https:\/\/bechtoldtajhaz.hu\/de\/wp-json\/wp\/v2\/types\/page"}],"author":[{"embeddable":true,"href":"https:\/\/bechtoldtajhaz.hu\/de\/wp-json\/wp\/v2\/users\/1"}],"replies":[{"embeddable":true,"href":"https:\/\/bechtoldtajhaz.hu\/de\/wp-json\/wp\/v2\/comments?post=216"}],"version-history":[{"count":4,"href":"https:\/\/bechtoldtajhaz.hu\/de\/wp-json\/wp\/v2\/pages\/216\/revisions"}],"predecessor-version":[{"id":1885,"href":"https:\/\/bechtoldtajhaz.hu\/de\/wp-json\/wp\/v2\/pages\/216\/revisions\/1885"}],"wp:attachment":[{"href":"https:\/\/bechtoldtajhaz.hu\/de\/wp-json\/wp\/v2\/media?parent=216"}],"curies":[{"name":"wp","href":"https:\/\/api.w.org\/{rel}","templated":true}]}}