{"id":601,"date":"2019-02-09T16:43:55","date_gmt":"2019-02-09T15:43:55","guid":{"rendered":"http:\/\/bechtoldtajhaz.hu\/?page_id=601"},"modified":"2020-04-26T19:12:57","modified_gmt":"2020-04-26T17:12:57","slug":"bechtold-csalad","status":"publish","type":"page","link":"https:\/\/bechtoldtajhaz.hu\/de\/tajhazrol\/bechtold-csalad\/","title":{"rendered":"Geschichte der Familie Bechtold"},"content":{"rendered":"\n<p>Das schw\u00e4bische Heimatmuseum Bechtold in Biatorb\u00e1gy beherbergende Wohnhaus geh\u00f6rte J\u00e1nos Bechtold (07.06.1912.) und seiner Frau, Erzs\u00e9bet Czipri (10.06.1915.). <\/p>\n\n\n\n<p>Sie hatten drei Kinder, namens <\/p>\n\n\n\n<ul class=\"wp-block-list\"><li>J\u00f3zsef (1937\u2013 15.02.1945.)<\/li><li>J\u00e1nos (1942 \u201315.02.1945.) und<\/li><li>Anna (1942 \u201315.02.1945.). <\/li><\/ul>\n\n\n\n<p>W\u00e4hrend des Weltkrieges lebten noch die M\u00fctter von J\u00e1nos Bechtold und Erzs\u00e9bet Czipri (Anna Lohr und Erzs\u00e9bet Reisner). <\/p>\n\n\n\n<p>Die Familie besiedelte Turwall aus Deutschland um die Mitte des 18. Jahrhunderts. Die Existenz der Familie Bechtold wurde durch ihren eigenen Sodawasserbetrieb gesichert. Dar\u00fcber hinaus hatten sie auch Felder. <\/p>\n\n\n\n<p>Bei dem Ausbruch des zweiten Weltkrieges wurde J\u00e1nos Bechtold als Soldat einberufen, er wurde weiterhin als ungarischen Soldaten auf die Ostfront gebracht, wo er mehrere Jahre verbrachte. Im Laufe der Kriege kam er in russische Gefangenschaft. Am 24. Dezember 1944. marschierten die Russen nach Turwall. Im Umfeld von Bicske stand monatelang die Front, so hatten die Turwaller ein sehr bitteres Leben. W\u00e4hrend der Luftangriffe flohen alle in die Keller. So war das auch in der Familie Czipri. Im Februar 1945 begann durch die Deutschen die Bombardierung von Turwall, da sich hier ein Teil der russischen Truppe nach den Kriegen aufhielt. Da J\u00e1nos Bechtold nicht daheim war, zog seine Familie zu den Eltern seiner Frau. Anl\u00e4sslich eines Luftangriffes im Februar 1945. eilten alle aus dem Haus Czipri in den Keller. An diesem Tag bekam der Keller einen Volltreffer durch eine Bombe und st\u00fcrzte ein. Dies verursachte den Tod von neun Menschen. Leider waren alle drei Kinder der Familie Bechtold darunter. <\/p>\n\n\n\n<p>Im Jahre 1946 begann die Aussiedelung der Deutschen. Frau Erzsi wurde mit den zwei alten Frauen nach Deutschland ausgesiedelt. J\u00e1nos Bechtold kam Jahre sp\u00e4ter aus der Gefangenschaft zur\u00fcck, aber dann fuhr er auch zu seiner Frau nach Deutschland. Sie wohnten in der Stadt Giengen (Giengen an der Brenz, Bundesland: Baden- W\u00fcrttemberg). Da bauten sie ein zweist\u00f6ckiges Haus. Sie wollten noch Kinder haben, aber das gelang ihnen leider nicht mehr. Im Jahre 1985 feierten sie das 50. Ehejubil\u00e4um.<\/p>\n\n\n\n<h4 class=\"wp-block-heading\">Einig Bilder \u00fcber die Familie Bechtold<\/h4>\n\n\n\n<figure class=\"wp-block-gallery columns-3 is-cropped wp-block-gallery-1 is-layout-flex wp-block-gallery-is-layout-flex\"><ul class=\"blocks-gallery-grid\"><li class=\"blocks-gallery-item\"><figure><img loading=\"lazy\" decoding=\"async\" width=\"681\" height=\"432\" src=\"https:\/\/bechtoldtajhaz.hu\/wp-content\/uploads\/2019\/01\/bechtold_csalad.png\" alt=\"Bechtold csal\u00e1d\" data-id=\"329\" data-link=\"https:\/\/bechtoldtajhaz.hu\/bechtold_csalad\/\" class=\"wp-image-329\" srcset=\"https:\/\/bechtoldtajhaz.hu\/wp-content\/uploads\/2019\/01\/bechtold_csalad.png 681w, https:\/\/bechtoldtajhaz.hu\/wp-content\/uploads\/2019\/01\/bechtold_csalad-300x190.png 300w\" sizes=\"auto, (max-width: 681px) 100vw, 681px\" \/><figcaption class=\"blocks-gallery-item__caption\">die Verwandtschaft der Familie Bechtold in Turwall am Anfang des letzten Jahrhunderts<\/figcaption><\/figure><\/li><li class=\"blocks-gallery-item\"><figure><img loading=\"lazy\" decoding=\"async\" width=\"800\" height=\"450\" src=\"https:\/\/bechtoldtajhaz.hu\/wp-content\/uploads\/2019\/01\/elisabeth_johann_bechtold2.jpg\" alt=\"\" data-id=\"331\" data-link=\"https:\/\/bechtoldtajhaz.hu\/elisabeth_johann_bechtold2\/\" class=\"wp-image-331\" srcset=\"https:\/\/bechtoldtajhaz.hu\/wp-content\/uploads\/2019\/01\/elisabeth_johann_bechtold2.jpg 800w, https:\/\/bechtoldtajhaz.hu\/wp-content\/uploads\/2019\/01\/elisabeth_johann_bechtold2-300x169.jpg 300w, https:\/\/bechtoldtajhaz.hu\/wp-content\/uploads\/2019\/01\/elisabeth_johann_bechtold2-768x432.jpg 768w\" sizes=\"auto, (max-width: 767px) 89vw, (max-width: 1000px) 54vw, (max-width: 1071px) 543px, 580px\" \/><figcaption class=\"blocks-gallery-item__caption\">Elisabeth und Johann Bechtold in ihrem deutschem Haus<\/figcaption><\/figure><\/li><li class=\"blocks-gallery-item\"><figure><img loading=\"lazy\" decoding=\"async\" width=\"800\" height=\"500\" src=\"https:\/\/bechtoldtajhaz.hu\/wp-content\/uploads\/2019\/01\/elisabeth_johann_bechtold.jpg\" alt=\"Bechtold csal\u00e1d\" data-id=\"327\" data-link=\"https:\/\/bechtoldtajhaz.hu\/elisabeth_johann_bechtold\/\" class=\"wp-image-327\" srcset=\"https:\/\/bechtoldtajhaz.hu\/wp-content\/uploads\/2019\/01\/elisabeth_johann_bechtold.jpg 800w, https:\/\/bechtoldtajhaz.hu\/wp-content\/uploads\/2019\/01\/elisabeth_johann_bechtold-300x188.jpg 300w, https:\/\/bechtoldtajhaz.hu\/wp-content\/uploads\/2019\/01\/elisabeth_johann_bechtold-768x480.jpg 768w\" sizes=\"auto, (max-width: 767px) 89vw, (max-width: 1000px) 54vw, (max-width: 1071px) 543px, 580px\" \/><figcaption class=\"blocks-gallery-item__caption\">Elisabeth und Johann Bechtold i<em>n ihrem deutschem Haus<\/em><\/figcaption><\/figure><\/li><li class=\"blocks-gallery-item\"><figure><img loading=\"lazy\" decoding=\"async\" width=\"800\" height=\"450\" src=\"https:\/\/bechtoldtajhaz.hu\/wp-content\/uploads\/2019\/01\/elisabeth_johann_bechtold_sirja2.jpg\" alt=\"Bechtold csal\u00e1d\" data-id=\"330\" data-link=\"https:\/\/bechtoldtajhaz.hu\/elisabeth_johann_bechtold_sirja2\/\" class=\"wp-image-330\" srcset=\"https:\/\/bechtoldtajhaz.hu\/wp-content\/uploads\/2019\/01\/elisabeth_johann_bechtold_sirja2.jpg 800w, https:\/\/bechtoldtajhaz.hu\/wp-content\/uploads\/2019\/01\/elisabeth_johann_bechtold_sirja2-300x169.jpg 300w, https:\/\/bechtoldtajhaz.hu\/wp-content\/uploads\/2019\/01\/elisabeth_johann_bechtold_sirja2-768x432.jpg 768w\" sizes=\"auto, (max-width: 767px) 89vw, (max-width: 1000px) 54vw, (max-width: 1071px) 543px, 580px\" \/><figcaption class=\"blocks-gallery-item__caption\">das Grabmal von Elisabeth und Johann Bechtold in Deutschland<\/figcaption><\/figure><\/li><li class=\"blocks-gallery-item\"><figure><img loading=\"lazy\" decoding=\"async\" width=\"800\" height=\"450\" src=\"https:\/\/bechtoldtajhaz.hu\/wp-content\/uploads\/2019\/01\/elisabeth_johann_bechtold_sirja.jpg\" alt=\"Bechtold csal\u00e1d\" data-id=\"328\" data-link=\"https:\/\/bechtoldtajhaz.hu\/elisabeth_johann_bechtold_sirja\/\" class=\"wp-image-328\" srcset=\"https:\/\/bechtoldtajhaz.hu\/wp-content\/uploads\/2019\/01\/elisabeth_johann_bechtold_sirja.jpg 800w, https:\/\/bechtoldtajhaz.hu\/wp-content\/uploads\/2019\/01\/elisabeth_johann_bechtold_sirja-300x169.jpg 300w, https:\/\/bechtoldtajhaz.hu\/wp-content\/uploads\/2019\/01\/elisabeth_johann_bechtold_sirja-768x432.jpg 768w\" sizes=\"auto, (max-width: 767px) 89vw, (max-width: 1000px) 54vw, (max-width: 1071px) 543px, 580px\" \/><figcaption class=\"blocks-gallery-item__caption\"><em>das Grabmal von Elisabeth und Johann Bechtold in Deutschland<\/em><\/figcaption><\/figure><\/li><\/ul><\/figure>\n\n\n\n<figure class=\"wp-block-gallery columns-2 is-cropped wp-block-gallery-2 is-layout-flex wp-block-gallery-is-layout-flex\"><ul class=\"blocks-gallery-grid\"><li class=\"blocks-gallery-item\"><figure><img loading=\"lazy\" decoding=\"async\" width=\"800\" height=\"545\" src=\"https:\/\/bechtoldtajhaz.hu\/wp-content\/uploads\/2019\/02\/johann_-bechtold_utlevele.jpg\" alt=\"\" data-id=\"495\" data-link=\"https:\/\/bechtoldtajhaz.hu\/gyujtemenyek-kiallitasok\/dokumentumtar\/attachment\/johann_-bechtold_utlevele\/\" class=\"wp-image-495\" srcset=\"https:\/\/bechtoldtajhaz.hu\/wp-content\/uploads\/2019\/02\/johann_-bechtold_utlevele.jpg 800w, https:\/\/bechtoldtajhaz.hu\/wp-content\/uploads\/2019\/02\/johann_-bechtold_utlevele-300x204.jpg 300w, https:\/\/bechtoldtajhaz.hu\/wp-content\/uploads\/2019\/02\/johann_-bechtold_utlevele-768x523.jpg 768w\" sizes=\"auto, (max-width: 767px) 89vw, (max-width: 1000px) 54vw, (max-width: 1071px) 543px, 580px\" \/><figcaption class=\"blocks-gallery-item__caption\">der deutsche Pass von Johann Bechtold 1982<\/figcaption><\/figure><\/li><li class=\"blocks-gallery-item\"><figure><img loading=\"lazy\" decoding=\"async\" width=\"791\" height=\"567\" src=\"https:\/\/bechtoldtajhaz.hu\/wp-content\/uploads\/2019\/02\/elisabeth_bechtold_utlevele.jpg\" alt=\"\" data-id=\"494\" data-link=\"https:\/\/bechtoldtajhaz.hu\/gyujtemenyek-kiallitasok\/dokumentumtar\/attachment\/elisabeth_bechtold_utlevele\/\" class=\"wp-image-494\" srcset=\"https:\/\/bechtoldtajhaz.hu\/wp-content\/uploads\/2019\/02\/elisabeth_bechtold_utlevele.jpg 791w, https:\/\/bechtoldtajhaz.hu\/wp-content\/uploads\/2019\/02\/elisabeth_bechtold_utlevele-300x215.jpg 300w, https:\/\/bechtoldtajhaz.hu\/wp-content\/uploads\/2019\/02\/elisabeth_bechtold_utlevele-768x551.jpg 768w\" sizes=\"auto, (max-width: 767px) 89vw, (max-width: 1000px) 54vw, (max-width: 1071px) 543px, 580px\" \/><figcaption class=\"blocks-gallery-item__caption\">der deutsche Pass von Elisabeth Bechtold 1982<\/figcaption><\/figure><\/li><\/ul><\/figure>\n","protected":false},"excerpt":{"rendered":"<p>Das schw\u00e4bische Heimatmuseum Bechtold in Biatorb\u00e1gy beherbergende Wohnhaus geh\u00f6rte J\u00e1nos Bechtold (07.06.1912.) und seiner Frau, Erzs\u00e9bet Czipri (10.06.1915.). Sie hatten drei Kinder, namens J\u00f3zsef (1937\u2013 15.02.1945.) J\u00e1nos (1942 \u201315.02.1945.) und Anna (1942 \u201315.02.1945.). W\u00e4hrend des Weltkrieges lebten noch die M\u00fctter von J\u00e1nos Bechtold und Erzs\u00e9bet Czipri (Anna Lohr und Erzs\u00e9bet Reisner). Die Familie besiedelte Turwall &hellip; <\/p>\n<p class=\"link-more\"><a href=\"https:\/\/bechtoldtajhaz.hu\/de\/tajhazrol\/bechtold-csalad\/\" class=\"more-link\"><span class=\"screen-reader-text\">\u201eGeschichte der Familie Bechtold\u201c<\/span> weiterlesen<\/a><\/p>\n","protected":false},"author":1,"featured_media":0,"parent":8,"menu_order":0,"comment_status":"closed","ping_status":"closed","template":"","meta":{"ngg_post_thumbnail":0,"footnotes":""},"class_list":["post-601","page","type-page","status-publish","hentry"],"translation":{"provider":"WPGlobus","version":"3.0.0","language":"de","enabled_languages":["hu","de"],"languages":{"hu":{"title":true,"content":true,"excerpt":false},"de":{"title":true,"content":true,"excerpt":false}}},"aioseo_notices":[],"_links":{"self":[{"href":"https:\/\/bechtoldtajhaz.hu\/de\/wp-json\/wp\/v2\/pages\/601","targetHints":{"allow":["GET"]}}],"collection":[{"href":"https:\/\/bechtoldtajhaz.hu\/de\/wp-json\/wp\/v2\/pages"}],"about":[{"href":"https:\/\/bechtoldtajhaz.hu\/de\/wp-json\/wp\/v2\/types\/page"}],"author":[{"embeddable":true,"href":"https:\/\/bechtoldtajhaz.hu\/de\/wp-json\/wp\/v2\/users\/1"}],"replies":[{"embeddable":true,"href":"https:\/\/bechtoldtajhaz.hu\/de\/wp-json\/wp\/v2\/comments?post=601"}],"version-history":[{"count":5,"href":"https:\/\/bechtoldtajhaz.hu\/de\/wp-json\/wp\/v2\/pages\/601\/revisions"}],"predecessor-version":[{"id":1149,"href":"https:\/\/bechtoldtajhaz.hu\/de\/wp-json\/wp\/v2\/pages\/601\/revisions\/1149"}],"up":[{"embeddable":true,"href":"https:\/\/bechtoldtajhaz.hu\/de\/wp-json\/wp\/v2\/pages\/8"}],"wp:attachment":[{"href":"https:\/\/bechtoldtajhaz.hu\/de\/wp-json\/wp\/v2\/media?parent=601"}],"curies":[{"name":"wp","href":"https:\/\/api.w.org\/{rel}","templated":true}]}}