{"id":616,"date":"2019-02-21T14:42:38","date_gmt":"2019-02-21T13:42:38","guid":{"rendered":"http:\/\/bechtoldtajhaz.hu\/?page_id=616"},"modified":"2020-04-30T16:49:10","modified_gmt":"2020-04-30T14:49:10","slug":"velemenyek-a-tajhazrol","status":"publish","type":"page","link":"https:\/\/bechtoldtajhaz.hu\/de\/velemenyek-a-tajhazrol\/","title":{"rendered":"Meinungen \u00fcber das Heimatmuseum"},"content":{"rendered":"\n<p><em>\u201eDie Sammlung in dem schw\u00e4bischen Heimatmuseum Bechtold stellt den Schatz der hiesigen deutschen Gemeinschaft dar, jedes einzelne St\u00fcck deren ist eine Gabe einer \u00f6rtlichen Familie, ein wichtiges Mittel, um ihre deutsche Nationalit\u00e4ten-Identit\u00e4t zu bewahren und weiter zu vererben.\u201c<\/em><\/p>\n\n\n\n<p class=\"has-text-align-right\">Frau W\u00e9ber Ferencn\u00e9, <\/p>\n\n\n\n<p class=\"has-text-align-right\">Vorsitzende der Blasmusik-Kapelle in Biatorb\u00e1gy und der Stiftung f\u00fcr die Tanzgruppe  F\u00fczes<\/p>\n\n\n\n<p><em>\u201eIch halte f\u00fcr unerl\u00e4sslich, die Werte der Vergangenheit einer Ortschaft f\u00fcr die Zukunft zu pflegen und zu bewahren. Die deutsche Nationalit\u00e4t hat sowohl in der Vergangenheit als auch in der Gegenwart einen organischen Teil im Leben der Gemeinde bedeutet. Die Nationalit\u00e4ten-Sammlung kann garantieren, dass es sich auch in der Zukunft verwirklicht. Ich finde die Sammlung besonders wertvoll, da alle St\u00fccke deren die Gabe von in Biatorb\u00e1gy lebenden, \u00fcber Nationalit\u00e4ten-Wurzeln verf\u00fcgenden Familien darstellen.\u201c<\/em><\/p>\n\n\n\n<p class=\"has-text-align-right\"> Rich\u00e1rd T\u00e1las-Tam\u00e1ssy <br>Vizeb\u00fcrgermeister der Stadt Biatorb\u00e1gy, Mitglied in der Tanzgruppe F\u00fczes <br>und dem Verein Turwaller Stammtisch<\/p>\n\n\n\n<p> \u201e<em>Jedes St\u00fcck der Nationalit\u00e4tensammlung in dem schw\u00e4bischen Heimatmuseum Bechtold ist eine Gabe einer \u00f6rtlichen Familie. Die Sammlung hat das Ziel, die deutsche Nationalit\u00e4tenbindung von Biatorb\u00e1gy zu bewahren, und diese den Jugendlichen weiterzugeben. Diese kann weiters ein wichtiges Mittel bei der St\u00e4rkung der Nationalit\u00e4ten-Identit\u00e4t im Kreise der Jugendlichen darstellen und insbesondere kann dabei die Rolle deren in dem Nationalit\u00e4tenunterricht behilflich sein.\u201c <\/em><\/p>\n\n\n\n<p class=\"has-text-align-right\">Anna M\u00e1ria B\u00e1linger,<br>Mitglied an der Blasmusik-Kapelle in Biatorb\u00e1gy und der Volkstanzgruppe, Studentin an der Universit\u00e4t ELTE, Lehramt f\u00fcr Nationalit\u00e4tenunterricht <\/p>\n\n\n\n<p><em>\u201eDieses wundersch\u00f6n renovierte Geb\u00e4ude und die darin befindlichen Gegenst\u00e4nde vergegenw\u00e4rtigen das Leben und den Alltag der Menschen in den fr\u00fcheren Zeiten. Der Besucher nimmt nahezu an einer Zeitreise teil, wie sie von den Einrichtungen vor mehreren Jahrzehnten umarmt wird. Ich halte es f\u00fcr besonders wichtig, dies f\u00fcr immer mehr Kinder erreichbar zu machen, f\u00fcr die es nicht immer so selbstverst\u00e4ndlich ist, diese Erlebnisse durch die Gro\u00dfeltern kennen zu lernen. Dieses Heimatmuseum sichert, dass sich die Kinder nicht nur nach den Lehrb\u00fcchern orientieren, wie die Menschen fr\u00fcher gelebt hatten, sondern sie sollten dies das Geb\u00e4ude betretend auch erleben, und dadurch \u00fcber die Vergangenheit einen viel tieferen Eindruck bekommen, den sie dann auch begeisterter pflegen und der n\u00e4chsten Generation weitergeben werden.\u201c<\/em><\/p>\n\n\n\n<p class=\"has-text-align-right\">Katalin Hajnal, <br>Mutter von T\u00edmea Lantos, der Sch\u00fclerin der Klasse 3.c in der Nationalit\u00e4tengrundschule Paul Ritsmann in Biatorb\u00e1gy <\/p>\n","protected":false},"excerpt":{"rendered":"<p>\u201eDie Sammlung in dem schw\u00e4bischen Heimatmuseum Bechtold stellt den Schatz der hiesigen deutschen Gemeinschaft dar, jedes einzelne St\u00fcck deren ist eine Gabe einer \u00f6rtlichen Familie, ein wichtiges Mittel, um ihre deutsche Nationalit\u00e4ten-Identit\u00e4t zu bewahren und weiter zu vererben.\u201c Frau W\u00e9ber Ferencn\u00e9, Vorsitzende der Blasmusik-Kapelle in Biatorb\u00e1gy und der Stiftung f\u00fcr die Tanzgruppe F\u00fczes \u201eIch halte &hellip; <\/p>\n<p class=\"link-more\"><a href=\"https:\/\/bechtoldtajhaz.hu\/de\/velemenyek-a-tajhazrol\/\" class=\"more-link\"><span class=\"screen-reader-text\">\u201eMeinungen \u00fcber das Heimatmuseum\u201c<\/span> weiterlesen<\/a><\/p>\n","protected":false},"author":3,"featured_media":0,"parent":0,"menu_order":0,"comment_status":"closed","ping_status":"closed","template":"","meta":{"ngg_post_thumbnail":0,"footnotes":""},"class_list":["post-616","page","type-page","status-publish","hentry"],"translation":{"provider":"WPGlobus","version":"3.0.0","language":"de","enabled_languages":["hu","de"],"languages":{"hu":{"title":true,"content":true,"excerpt":false},"de":{"title":true,"content":true,"excerpt":false}}},"aioseo_notices":[],"_links":{"self":[{"href":"https:\/\/bechtoldtajhaz.hu\/de\/wp-json\/wp\/v2\/pages\/616","targetHints":{"allow":["GET"]}}],"collection":[{"href":"https:\/\/bechtoldtajhaz.hu\/de\/wp-json\/wp\/v2\/pages"}],"about":[{"href":"https:\/\/bechtoldtajhaz.hu\/de\/wp-json\/wp\/v2\/types\/page"}],"author":[{"embeddable":true,"href":"https:\/\/bechtoldtajhaz.hu\/de\/wp-json\/wp\/v2\/users\/3"}],"replies":[{"embeddable":true,"href":"https:\/\/bechtoldtajhaz.hu\/de\/wp-json\/wp\/v2\/comments?post=616"}],"version-history":[{"count":8,"href":"https:\/\/bechtoldtajhaz.hu\/de\/wp-json\/wp\/v2\/pages\/616\/revisions"}],"predecessor-version":[{"id":1161,"href":"https:\/\/bechtoldtajhaz.hu\/de\/wp-json\/wp\/v2\/pages\/616\/revisions\/1161"}],"wp:attachment":[{"href":"https:\/\/bechtoldtajhaz.hu\/de\/wp-json\/wp\/v2\/media?parent=616"}],"curies":[{"name":"wp","href":"https:\/\/api.w.org\/{rel}","templated":true}]}}