{"id":684,"date":"2019-03-04T13:05:45","date_gmt":"2019-03-04T12:05:45","guid":{"rendered":"http:\/\/bechtoldtajhaz.hu\/?page_id=684"},"modified":"2020-04-16T11:10:31","modified_gmt":"2020-04-16T09:10:31","slug":"antal-dokumentumok","status":"publish","type":"page","link":"https:\/\/bechtoldtajhaz.hu\/de\/gyujtemenyek-kiallitasok\/dokumentumtar\/antal-dokumentumok\/","title":{"rendered":"Dokumenten von der Familie Antal"},"content":{"rendered":"\n<figure class=\"wp-block-gallery columns-3 is-cropped wp-block-gallery-1 is-layout-flex wp-block-gallery-is-layout-flex\"><ul class=\"blocks-gallery-grid\"><li class=\"blocks-gallery-item\"><figure><img loading=\"lazy\" decoding=\"async\" width=\"931\" height=\"462\" src=\"https:\/\/bechtoldtajhaz.hu\/wp-content\/uploads\/2019\/03\/antal_dezso_1951_munkakonyv.jpg\" alt=\"\" data-id=\"687\" data-link=\"https:\/\/bechtoldtajhaz.hu\/gyujtemenyek-kiallitasok\/dokumentumtar\/gruber-dokumentumok\/attachment\/antal_dezso_1951_munkakonyv\/\" class=\"wp-image-687\" srcset=\"https:\/\/bechtoldtajhaz.hu\/wp-content\/uploads\/2019\/03\/antal_dezso_1951_munkakonyv.jpg 931w, https:\/\/bechtoldtajhaz.hu\/wp-content\/uploads\/2019\/03\/antal_dezso_1951_munkakonyv-300x149.jpg 300w, https:\/\/bechtoldtajhaz.hu\/wp-content\/uploads\/2019\/03\/antal_dezso_1951_munkakonyv-768x381.jpg 768w\" sizes=\"auto, (max-width: 767px) 89vw, (max-width: 1000px) 54vw, (max-width: 1071px) 543px, 580px\" \/><figcaption class=\"blocks-gallery-item__caption\">Arbeitsbuch von Dezs\u0151 Antal  1951<\/figcaption><\/figure><\/li><li class=\"blocks-gallery-item\"><figure><img loading=\"lazy\" decoding=\"async\" width=\"764\" height=\"550\" src=\"https:\/\/bechtoldtajhaz.hu\/wp-content\/uploads\/2019\/03\/antal_dezso_beadasi_konyv_1952.jpg\" alt=\"\" data-id=\"688\" data-link=\"https:\/\/bechtoldtajhaz.hu\/gyujtemenyek-kiallitasok\/dokumentumtar\/gruber-dokumentumok\/attachment\/antal_dezso_beadasi_konyv_1952\/\" class=\"wp-image-688\" srcset=\"https:\/\/bechtoldtajhaz.hu\/wp-content\/uploads\/2019\/03\/antal_dezso_beadasi_konyv_1952.jpg 764w, https:\/\/bechtoldtajhaz.hu\/wp-content\/uploads\/2019\/03\/antal_dezso_beadasi_konyv_1952-300x216.jpg 300w\" sizes=\"auto, (max-width: 706px) 89vw, (max-width: 767px) 82vw, 740px\" \/><figcaption class=\"blocks-gallery-item__caption\">Eingabebuch von Dezs\u0151 Antal 1952\/53<\/figcaption><\/figure><\/li><li class=\"blocks-gallery-item\"><figure><img loading=\"lazy\" decoding=\"async\" width=\"749\" height=\"527\" src=\"https:\/\/bechtoldtajhaz.hu\/wp-content\/uploads\/2019\/03\/antal_dezso_gabonalap.jpg\" alt=\"\" data-id=\"689\" data-link=\"https:\/\/bechtoldtajhaz.hu\/gyujtemenyek-kiallitasok\/dokumentumtar\/gruber-dokumentumok\/attachment\/antal_dezso_gabonalap\/\" class=\"wp-image-689\" srcset=\"https:\/\/bechtoldtajhaz.hu\/wp-content\/uploads\/2019\/03\/antal_dezso_gabonalap.jpg 749w, https:\/\/bechtoldtajhaz.hu\/wp-content\/uploads\/2019\/03\/antal_dezso_gabonalap-300x211.jpg 300w\" sizes=\"auto, (max-width: 706px) 89vw, (max-width: 767px) 82vw, 740px\" \/><figcaption class=\"blocks-gallery-item__caption\">Dezs\u0151 <em>Antal<\/em> &#8211; Getreideblatt<\/figcaption><\/figure><\/li><li class=\"blocks-gallery-item\"><figure><img loading=\"lazy\" decoding=\"async\" width=\"800\" height=\"669\" src=\"https:\/\/bechtoldtajhaz.hu\/wp-content\/uploads\/2019\/03\/antal_dezso_katonaiksikonyve.jpg\" alt=\"\" data-id=\"690\" data-link=\"https:\/\/bechtoldtajhaz.hu\/gyujtemenyek-kiallitasok\/dokumentumtar\/gruber-dokumentumok\/attachment\/antal_dezso_katonaiksikonyve\/\" class=\"wp-image-690\" srcset=\"https:\/\/bechtoldtajhaz.hu\/wp-content\/uploads\/2019\/03\/antal_dezso_katonaiksikonyve.jpg 800w, https:\/\/bechtoldtajhaz.hu\/wp-content\/uploads\/2019\/03\/antal_dezso_katonaiksikonyve-300x251.jpg 300w, https:\/\/bechtoldtajhaz.hu\/wp-content\/uploads\/2019\/03\/antal_dezso_katonaiksikonyve-768x642.jpg 768w\" sizes=\"auto, (max-width: 767px) 89vw, (max-width: 1000px) 54vw, (max-width: 1071px) 543px, 580px\" \/><figcaption class=\"blocks-gallery-item__caption\">Soldatenheft von Dezs\u0151 Antal 1943<\/figcaption><\/figure><\/li><li class=\"blocks-gallery-item\"><figure><img loading=\"lazy\" decoding=\"async\" width=\"589\" height=\"466\" src=\"https:\/\/bechtoldtajhaz.hu\/wp-content\/uploads\/2019\/03\/antal_dezso_partkonyv_1947.jpg\" alt=\"\" data-id=\"691\" data-link=\"https:\/\/bechtoldtajhaz.hu\/gyujtemenyek-kiallitasok\/dokumentumtar\/gruber-dokumentumok\/attachment\/antal_dezso_partkonyv_1947\/\" class=\"wp-image-691\" srcset=\"https:\/\/bechtoldtajhaz.hu\/wp-content\/uploads\/2019\/03\/antal_dezso_partkonyv_1947.jpg 589w, https:\/\/bechtoldtajhaz.hu\/wp-content\/uploads\/2019\/03\/antal_dezso_partkonyv_1947-300x237.jpg 300w\" sizes=\"auto, (max-width: 589px) 100vw, 589px\" \/><figcaption class=\"blocks-gallery-item__caption\">Parteisheft von Dezs\u0151 Antal  &#8211; Nationale Bauerpartei &#8211; 1947<\/figcaption><\/figure><\/li><li class=\"blocks-gallery-item\"><figure><img loading=\"lazy\" decoding=\"async\" width=\"792\" height=\"554\" src=\"https:\/\/bechtoldtajhaz.hu\/wp-content\/uploads\/2019\/03\/antal_dezso_utazasi_igazolvany_1946.jpg\" alt=\"\" data-id=\"692\" data-link=\"https:\/\/bechtoldtajhaz.hu\/gyujtemenyek-kiallitasok\/dokumentumtar\/gruber-dokumentumok\/attachment\/antal_dezso_utazasi_igazolvany_1946\/\" class=\"wp-image-692\" srcset=\"https:\/\/bechtoldtajhaz.hu\/wp-content\/uploads\/2019\/03\/antal_dezso_utazasi_igazolvany_1946.jpg 792w, https:\/\/bechtoldtajhaz.hu\/wp-content\/uploads\/2019\/03\/antal_dezso_utazasi_igazolvany_1946-300x210.jpg 300w, https:\/\/bechtoldtajhaz.hu\/wp-content\/uploads\/2019\/03\/antal_dezso_utazasi_igazolvany_1946-768x537.jpg 768w\" sizes=\"auto, (max-width: 767px) 89vw, (max-width: 1000px) 54vw, (max-width: 1071px) 543px, 580px\" \/><figcaption class=\"blocks-gallery-item__caption\">Reiseausweis <br>f\u00fcr Dezs\u0151 Antal Dezs\u0151  &#8211; 1946<\/figcaption><\/figure><\/li><li class=\"blocks-gallery-item\"><figure><img loading=\"lazy\" decoding=\"async\" width=\"838\" height=\"663\" src=\"https:\/\/bechtoldtajhaz.hu\/wp-content\/uploads\/2019\/03\/antal_janos_igazolvanyi_lap.jpg\" alt=\"\" data-id=\"694\" data-link=\"https:\/\/bechtoldtajhaz.hu\/gyujtemenyek-kiallitasok\/dokumentumtar\/gruber-dokumentumok\/attachment\/antal_janos_igazolvanyi_lap\/\" class=\"wp-image-694\" srcset=\"https:\/\/bechtoldtajhaz.hu\/wp-content\/uploads\/2019\/03\/antal_janos_igazolvanyi_lap.jpg 838w, https:\/\/bechtoldtajhaz.hu\/wp-content\/uploads\/2019\/03\/antal_janos_igazolvanyi_lap-300x237.jpg 300w, https:\/\/bechtoldtajhaz.hu\/wp-content\/uploads\/2019\/03\/antal_janos_igazolvanyi_lap-768x608.jpg 768w\" sizes=\"auto, (max-width: 767px) 89vw, (max-width: 1000px) 54vw, (max-width: 1071px) 543px, 580px\" \/><figcaption class=\"blocks-gallery-item__caption\">Ausweisblatt von Janos Antal (1889) &#8211; 1941<\/figcaption><\/figure><\/li><li class=\"blocks-gallery-item\"><figure><img loading=\"lazy\" decoding=\"async\" width=\"740\" height=\"540\" src=\"https:\/\/bechtoldtajhaz.hu\/wp-content\/uploads\/2019\/03\/antal_dezsone_beadasikonyv_1953.jpg\" alt=\"\" data-id=\"693\" data-link=\"https:\/\/bechtoldtajhaz.hu\/gyujtemenyek-kiallitasok\/dokumentumtar\/gruber-dokumentumok\/attachment\/antal_dezsone_beadasikonyv_1953\/\" class=\"wp-image-693\" srcset=\"https:\/\/bechtoldtajhaz.hu\/wp-content\/uploads\/2019\/03\/antal_dezsone_beadasikonyv_1953.jpg 740w, https:\/\/bechtoldtajhaz.hu\/wp-content\/uploads\/2019\/03\/antal_dezsone_beadasikonyv_1953-300x219.jpg 300w\" sizes=\"auto, (max-width: 706px) 89vw, (max-width: 767px) 82vw, 740px\" \/><figcaption class=\"blocks-gallery-item__caption\">Eingabeheft von Frau <em>Dezs\u0151n\u00e9<\/em> Antal &#8211;  1953\/54<\/figcaption><\/figure><\/li><li class=\"blocks-gallery-item\"><figure><img loading=\"lazy\" decoding=\"async\" width=\"834\" height=\"664\" src=\"https:\/\/bechtoldtajhaz.hu\/wp-content\/uploads\/2019\/03\/antal_janos_igazolvanyi_lap_2.jpg\" alt=\"\" data-id=\"695\" data-link=\"https:\/\/bechtoldtajhaz.hu\/gyujtemenyek-kiallitasok\/dokumentumtar\/gruber-dokumentumok\/attachment\/antal_janos_igazolvanyi_lap_2\/\" class=\"wp-image-695\" srcset=\"https:\/\/bechtoldtajhaz.hu\/wp-content\/uploads\/2019\/03\/antal_janos_igazolvanyi_lap_2.jpg 834w, https:\/\/bechtoldtajhaz.hu\/wp-content\/uploads\/2019\/03\/antal_janos_igazolvanyi_lap_2-300x239.jpg 300w, https:\/\/bechtoldtajhaz.hu\/wp-content\/uploads\/2019\/03\/antal_janos_igazolvanyi_lap_2-768x611.jpg 768w\" sizes=\"auto, (max-width: 767px) 89vw, (max-width: 1000px) 54vw, (max-width: 1071px) 543px, 580px\" \/><figcaption class=\"blocks-gallery-item__caption\"> <br>Ausweisbaltt von Janos <em>Antal  (1889) &#8211; 1941<\/em> <\/figcaption><\/figure><\/li><\/ul><\/figure>\n\n\n\n<div class=\"wp-block-button aligncenter\"><a class=\"wp-block-button__link\" href=\"https:\/\/bechtoldtajhaz.hu\/de\/gyujtemenyek-kiallitasok\/\">ZUR\u00dcCK<\/a><\/div>\n","protected":false},"excerpt":{"rendered":"","protected":false},"author":1,"featured_media":0,"parent":168,"menu_order":0,"comment_status":"closed","ping_status":"closed","template":"","meta":{"ngg_post_thumbnail":0,"footnotes":""},"class_list":["post-684","page","type-page","status-publish","hentry"],"translation":{"provider":"WPGlobus","version":"3.0.0","language":"de","enabled_languages":["hu","de"],"languages":{"hu":{"title":true,"content":true,"excerpt":false},"de":{"title":true,"content":true,"excerpt":false}}},"aioseo_notices":[],"_links":{"self":[{"href":"https:\/\/bechtoldtajhaz.hu\/de\/wp-json\/wp\/v2\/pages\/684","targetHints":{"allow":["GET"]}}],"collection":[{"href":"https:\/\/bechtoldtajhaz.hu\/de\/wp-json\/wp\/v2\/pages"}],"about":[{"href":"https:\/\/bechtoldtajhaz.hu\/de\/wp-json\/wp\/v2\/types\/page"}],"author":[{"embeddable":true,"href":"https:\/\/bechtoldtajhaz.hu\/de\/wp-json\/wp\/v2\/users\/1"}],"replies":[{"embeddable":true,"href":"https:\/\/bechtoldtajhaz.hu\/de\/wp-json\/wp\/v2\/comments?post=684"}],"version-history":[{"count":7,"href":"https:\/\/bechtoldtajhaz.hu\/de\/wp-json\/wp\/v2\/pages\/684\/revisions"}],"predecessor-version":[{"id":1136,"href":"https:\/\/bechtoldtajhaz.hu\/de\/wp-json\/wp\/v2\/pages\/684\/revisions\/1136"}],"up":[{"embeddable":true,"href":"https:\/\/bechtoldtajhaz.hu\/de\/wp-json\/wp\/v2\/pages\/168"}],"wp:attachment":[{"href":"https:\/\/bechtoldtajhaz.hu\/de\/wp-json\/wp\/v2\/media?parent=684"}],"curies":[{"name":"wp","href":"https:\/\/api.w.org\/{rel}","templated":true}]}}