{"id":9,"date":"2018-12-05T16:14:18","date_gmt":"2018-12-05T15:14:18","guid":{"rendered":"http:\/\/bechtoldtajhaz.hu\/?page_id=9"},"modified":"2020-04-16T10:58:10","modified_gmt":"2020-04-16T08:58:10","slug":"elerhetosegek","status":"publish","type":"page","link":"https:\/\/bechtoldtajhaz.hu\/de\/elerhetosegek\/","title":{"rendered":"Kontakt"},"content":{"rendered":"<h4>\u00d6ffnungszeit:<\/h4>\n<p><strong>Zwischen 1. April und 31. Oktober<\/strong><\/p>\n<ul>\n<li>Dienstag:&nbsp; 8-12 Uhr<\/li>\n<li>Donnerstag: 14-18 Uhr und<\/li>\n<li>Samstag: 14-18 \u00f3ra Uhr<\/li>\n<\/ul>\n<p>Auf Wunsch empfangen wir Besucher, falls der Termin vorher im Email besprochen wird.&nbsp;<\/p>\n<h4>Addresse: H-2051 Biatorb\u00e1gy, Ungarn- F\u0151 Str. 92.<\/h4>\n<p><iframe loading=\"lazy\" style=\"border: 0;\" src=\"https:\/\/www.google.com\/maps\/embed?pb=!1m18!1m12!1m3!1d2696.606823956671!2d18.82608481562603!3d47.478090779176334!2m3!1f0!2f0!3f0!3m2!1i1024!2i768!4f13.1!3m3!1m2!1s0x476a75a53daaf107%3A0x26832d5237270831!2zQmlhdG9yYsOhZ3lpIEJlY2h0b2xkIFN2w6FiIFTDoWpow6F6!5e0!3m2!1shu!2shu!4v1544028146095\" width=\"100%\" height=\"450\" frameborder=\"0\" allowfullscreen=\"allowfullscreen\"><span data-mce-type=\"bookmark\" style=\"display: inline-block; width: 0px; overflow: hidden; line-height: 0;\" class=\"mce_SELRES_start\">\ufeff<\/span><\/iframe><\/p>\n<p><!--more--><\/p>\n<p>Telefon: +36 23 787 391 (nur in \u00d6ffnungszeiten)<\/p>\n<p>E-mail: info[@]bechtoldtajhaz.hu<\/p>\n<p><strong>Mithilfe des Formulars k\u00f6nnen Sie direkt von hier an uns eine Nachricht schreiben.<\/strong><\/p>\n\n<div class=\"wpcf7 no-js\" id=\"wpcf7-f1095-o1\" lang=\"hu-HU\" dir=\"ltr\" data-wpcf7-id=\"1095\">\n<div class=\"screen-reader-response\"><p role=\"status\" aria-live=\"polite\" aria-atomic=\"true\"><\/p> <ul><\/ul><\/div>\n<form action=\"\/de\/wp-json\/wp\/v2\/pages\/9#wpcf7-f1095-o1\" method=\"post\" class=\"wpcf7-form init\" aria-label=\"Kapcsolatfelv\u00e9teli \u0171rlap\" novalidate=\"novalidate\" data-status=\"init\">\n<fieldset class=\"hidden-fields-container\"><input type=\"hidden\" name=\"_wpcf7\" value=\"1095\" \/><input type=\"hidden\" name=\"_wpcf7_version\" value=\"6.1.3\" \/><input type=\"hidden\" name=\"_wpcf7_locale\" value=\"hu_HU\" \/><input type=\"hidden\" name=\"_wpcf7_unit_tag\" value=\"wpcf7-f1095-o1\" \/><input type=\"hidden\" name=\"_wpcf7_container_post\" value=\"0\" \/><input type=\"hidden\" name=\"_wpcf7_posted_data_hash\" value=\"\" \/><input type=\"hidden\" name=\"_wpcf7_recaptcha_response\" value=\"\" \/>\n<\/fieldset>\n<p><label> Name*<br \/>\n<span class=\"wpcf7-form-control-wrap\" data-name=\"your-name\"><input size=\"40\" maxlength=\"400\" class=\"wpcf7-form-control wpcf7-text wpcf7-validates-as-required\" aria-required=\"true\" aria-invalid=\"false\" value=\"\" type=\"text\" name=\"your-name\" \/><\/span> <\/label>\n<\/p>\n<p><label> Email*<br \/>\n<span class=\"wpcf7-form-control-wrap\" data-name=\"your-email\"><input size=\"40\" maxlength=\"400\" class=\"wpcf7-form-control wpcf7-email wpcf7-validates-as-required wpcf7-text wpcf7-validates-as-email\" aria-required=\"true\" aria-invalid=\"false\" value=\"\" type=\"email\" name=\"your-email\" \/><\/span> <\/label>\n<\/p>\n<p><label> Betreff<br \/>\n<span class=\"wpcf7-form-control-wrap\" data-name=\"your-subject\"><input size=\"40\" maxlength=\"400\" class=\"wpcf7-form-control wpcf7-text\" aria-invalid=\"false\" value=\"\" type=\"text\" name=\"your-subject\" \/><\/span> <\/label>\n<\/p>\n<p><label> Ihr Nachricht<br \/>\n<span class=\"wpcf7-form-control-wrap\" data-name=\"your-message\"><textarea cols=\"40\" rows=\"10\" maxlength=\"2000\" class=\"wpcf7-form-control wpcf7-textarea\" aria-invalid=\"false\" name=\"your-message\"><\/textarea><\/span> <\/label>\n<\/p>\n<p><input class=\"wpcf7-form-control wpcf7-submit has-spinner\" type=\"submit\" value=\"Senden\" \/>\n<\/p><p style=\"display: none !important;\" class=\"akismet-fields-container\" data-prefix=\"_wpcf7_ak_\"><label>&#916;<textarea name=\"_wpcf7_ak_hp_textarea\" cols=\"45\" rows=\"8\" maxlength=\"100\"><\/textarea><\/label><input type=\"hidden\" id=\"ak_js_1\" name=\"_wpcf7_ak_js\" value=\"140\"\/><script>document.getElementById( \"ak_js_1\" ).setAttribute( \"value\", ( new Date() ).getTime() );<\/script><\/p><div class=\"wpcf7-response-output\" aria-hidden=\"true\"><\/div>\n<\/form>\n<\/div>\n\n","protected":false},"excerpt":{"rendered":"<p>Nyitvatart\u00e1s: \u00c1lland\u00f3 nyitvatart\u00e1sunk \u00e1prilis 1. \u00e9s okt\u00f3ber 31. k\u00f6z\u00f6tt: kedden 8 \u00e9s 12 \u00f3ra k\u00f6z\u00f6tt, cs\u00fct\u00f6rt\u00f6k\u00f6n 14 \u00e9s 18 \u00f3ra k\u00f6z\u00f6tt \u00e9s szombaton 14 \u00e9s 18 \u00f3ra k\u00f6z\u00f6tt K\u00fcl\u00f6n k\u00e9r\u00e9sre, el\u0151re e-mailben egyeztetett id\u0151pontban m\u00e1s id\u0151szakban is fogadunk \u00e9rdekl\u0151d\u0151 csoportokat. C\u00edm: 2051 Biatorb\u00e1gy, F\u0151 u. 92. \ufeff<\/p>\n","protected":false},"author":3,"featured_media":45,"parent":0,"menu_order":0,"comment_status":"closed","ping_status":"closed","template":"","meta":{"ngg_post_thumbnail":0,"footnotes":""},"class_list":["post-9","page","type-page","status-publish","has-post-thumbnail","hentry"],"translation":{"provider":"WPGlobus","version":"3.0.0","language":"de","enabled_languages":["hu","de"],"languages":{"hu":{"title":true,"content":true,"excerpt":false},"de":{"title":true,"content":true,"excerpt":false}}},"aioseo_notices":[],"_links":{"self":[{"href":"https:\/\/bechtoldtajhaz.hu\/de\/wp-json\/wp\/v2\/pages\/9","targetHints":{"allow":["GET"]}}],"collection":[{"href":"https:\/\/bechtoldtajhaz.hu\/de\/wp-json\/wp\/v2\/pages"}],"about":[{"href":"https:\/\/bechtoldtajhaz.hu\/de\/wp-json\/wp\/v2\/types\/page"}],"author":[{"embeddable":true,"href":"https:\/\/bechtoldtajhaz.hu\/de\/wp-json\/wp\/v2\/users\/3"}],"replies":[{"embeddable":true,"href":"https:\/\/bechtoldtajhaz.hu\/de\/wp-json\/wp\/v2\/comments?post=9"}],"version-history":[{"count":13,"href":"https:\/\/bechtoldtajhaz.hu\/de\/wp-json\/wp\/v2\/pages\/9\/revisions"}],"predecessor-version":[{"id":1102,"href":"https:\/\/bechtoldtajhaz.hu\/de\/wp-json\/wp\/v2\/pages\/9\/revisions\/1102"}],"wp:featuredmedia":[{"embeddable":true,"href":"https:\/\/bechtoldtajhaz.hu\/de\/wp-json\/wp\/v2\/media\/45"}],"wp:attachment":[{"href":"https:\/\/bechtoldtajhaz.hu\/de\/wp-json\/wp\/v2\/media?parent=9"}],"curies":[{"name":"wp","href":"https:\/\/api.w.org\/{rel}","templated":true}]}}